{"id":1053,"date":"2020-08-02T19:16:44","date_gmt":"2020-08-02T17:16:44","guid":{"rendered":"http:\/\/www.univ.edu.dj\/ace1\/?page_id=1053"},"modified":"2021-11-21T20:33:30","modified_gmt":"2021-11-21T19:33:30","slug":"politique-dattribution-des-bourses-2","status":"publish","type":"page","link":"https:\/\/www.univ.edu.dj\/ace1\/?page_id=1053","title":{"rendered":"Politique d&rsquo;attribution des bourses"},"content":{"rendered":"\n<blockquote class=\"wp-block-quote\"><p>Cette  pr\u00e9sente  politique  fournit  des  informations  sur  l\u2019attribution  des  bourses  sur  crit\u00e8res sociaux,  r\u00e9gionaux et d\u2019excellence dans le Centre d\u2019Excellence Africain \u00c9mergent en Logistique et Transport  (CEALT). Le  CEALT invite  les  \u00e9tudiants  nationaux  et  r\u00e9gionaux  \u00e0  postuler  aux  bourses  d\u2019\u00e9tudes  ACE-IMPACT,une  opportunit\u00e9  de  poursuivre  les  \u00e9tudes  de  second  cycle. <\/p><p>Le  CEALT  envisage d\u2019acqu\u00e9rir des financements externes aupr\u00e8s des partenaires sectoriels et des bailleurs  de  fonds. En   r\u00e9pondant   aux   appels \u00e0 projets   de   financement,   le   CEALT  ambitionne  de  soutenir  et r\u00e9compenser les  \u00e9tudiants  m\u00e9ritants.<\/p><cite><a href=\"https:\/\/www.univ.edu.dj\/ace1\/wp-content\/uploads\/2021\/11\/Politique-dattribution-des-boursesN.pdf\" target=\"_blank\" rel=\"noreferrer noopener\">T\u00e9l\u00e9charger le document<br><\/a><br><a rel=\"noreferrer noopener\" href=\"http:\/\/www.univ.edu.dj\/ace1\/wp-content\/uploads\/2020\/09\/Formulaire-bourse-master.docx\" target=\"_blank\">T\u00e9l\u00e9charger le formulaire de candidature \u00e0 une bourse de Master<\/a><\/cite><\/blockquote>\n","protected":false},"excerpt":{"rendered":"<p>Cette pr\u00e9sente politique fournit des informations sur l\u2019attribution des bourses sur crit\u00e8res sociaux, r\u00e9gionaux et d\u2019excellence dans le Centre d\u2019Excellence Africain \u00c9mergent en Logistique et Transport (CEALT). Le CEALT invite les \u00e9tudiants nationaux et r\u00e9gionaux \u00e0 postuler aux bourses d\u2019\u00e9tudes ACE-IMPACT,une opportunit\u00e9 de poursuivre les \u00e9tudes de second cycle. Le&hellip;<\/p>\n","protected":false},"author":1,"featured_media":0,"parent":0,"menu_order":0,"comment_status":"closed","ping_status":"closed","template":"","meta":[],"_links":{"self":[{"href":"https:\/\/www.univ.edu.dj\/ace1\/index.php?rest_route=\/wp\/v2\/pages\/1053"}],"collection":[{"href":"https:\/\/www.univ.edu.dj\/ace1\/index.php?rest_route=\/wp\/v2\/pages"}],"about":[{"href":"https:\/\/www.univ.edu.dj\/ace1\/index.php?rest_route=\/wp\/v2\/types\/page"}],"author":[{"embeddable":true,"href":"https:\/\/www.univ.edu.dj\/ace1\/index.php?rest_route=\/wp\/v2\/users\/1"}],"replies":[{"embeddable":true,"href":"https:\/\/www.univ.edu.dj\/ace1\/index.php?rest_route=%2Fwp%2Fv2%2Fcomments&post=1053"}],"version-history":[{"count":7,"href":"https:\/\/www.univ.edu.dj\/ace1\/index.php?rest_route=\/wp\/v2\/pages\/1053\/revisions"}],"predecessor-version":[{"id":1533,"href":"https:\/\/www.univ.edu.dj\/ace1\/index.php?rest_route=\/wp\/v2\/pages\/1053\/revisions\/1533"}],"wp:attachment":[{"href":"https:\/\/www.univ.edu.dj\/ace1\/index.php?rest_route=%2Fwp%2Fv2%2Fmedia&parent=1053"}],"curies":[{"name":"wp","href":"https:\/\/api.w.org\/{rel}","templated":true}]}}