{"id":1082,"date":"2020-08-09T19:27:09","date_gmt":"2020-08-09T17:27:09","guid":{"rendered":"http:\/\/www.univ.edu.dj\/ace1\/?page_id=1082"},"modified":"2023-11-22T09:34:21","modified_gmt":"2023-11-22T08:34:21","slug":"master-mtisl","status":"publish","type":"page","link":"https:\/\/www.univ.edu.dj\/ace1\/?page_id=1082","title":{"rendered":"Master MTISL"},"content":{"rendered":"\n<blockquote class=\"wp-block-quote is-style-default\"><p><strong>Article 1 : Objet<\/strong><\/p><p><strong><br> 1.1 L\u2019universit\u00e9 de Djibouti d\u00e9cerne les titres de master correspondant au programme suivant :<br>   &#8211; Didactique des langues et des cultures \u00e9trang\u00e8res (DLCE) \u00e0 la FLLSH.<br>   &#8211; Gestion de risques et des catastrophes (GRC) \u00e0 la FLLSH.<br>   &#8211; Droit et Gestion de la sant\u00e9 (DGS) \u00e0 la FDEG.<br>   &#8211; Droit des organisations (M1) et droit international des affaires (M2) \u00e0 la FDEG.<br>   &#8211; Transports internationaux et strat\u00e9gies logistiques (TISL) \u00e0 l\u2019IUTT.<\/strong><\/p><p><strong><br> 1.2 Le \u00ab Dipl\u00f4me National de Master \u00bb (en abr\u00e9g\u00e9 : Master) correspond au 2\u00e8me cycle universitaire.<\/strong><\/p><p><strong><br> 1.3 Le Master est d\u00e9fini en correspondance avec le cadre du sch\u00e9ma LMD. Les cursus M1 et M2 sont organis\u00e9s chacun sur une ann\u00e9e universitaire. Ils peuvent faire l\u2019objet d\u2019une attestation de r\u00e9ussite du M1 et\/d\u2019admission en M2 \u00e0 laquelle est joint le relev\u00e9 de notes du M1..<\/strong><\/p><cite><a href=\"http:\/\/www.univ.edu.dj\/ace1\/wp-content\/uploads\/2020\/08\/Re\u0300glement_Etude_Master-MTISL.pdf\" target=\"_blank\" rel=\"noreferrer noopener\" aria-label=\"T\u00e9l\u00e9charger l\u2019int\u00e9gralit\u00e9 du r\u00e8glement des \u00e9tudes Master Transports Internationaux et Strat\u00e9gies Logistiques  (s\u2019ouvre dans un nouvel onglet)\">T\u00e9l\u00e9charger l\u2019int\u00e9gralit\u00e9 du r\u00e8glement des \u00e9tudes Master Transports Internationaux et Strat\u00e9gies Logistiques<\/a><strong><a href=\"http:\/\/www.univ.edu.dj\/ace1\/wp-content\/uploads\/2020\/08\/Re\u0300glement_Etude_Master-MTISL.pdf\" target=\"_blank\" rel=\"noreferrer noopener\" aria-label=\"T\u00e9l\u00e9charger l\u2019int\u00e9gralit\u00e9 du r\u00e8glement des \u00e9tudes Master Transports Internationaux et Strat\u00e9gies Logistiques  (s\u2019ouvre dans un nouvel onglet)\"> <\/a><\/strong><\/cite><\/blockquote>\n\n\n\n<p><a href=\"https:\/\/www.univ.edu.dj\/ace1\/wp-content\/uploads\/2023\/11\/Formulaire-candidature-inscription-a\u0300-lUD-externe-2023-MTISL_FORMATION-CONTINUE.docx\" target=\"_blank\" rel=\"noreferrer noopener\">Formulaire de candidature au Master en Formation Continue<\/a><\/p>\n\n\n\n<p><a href=\"https:\/\/www.univ.edu.dj\/ace1\/wp-content\/uploads\/2023\/11\/Formulaire-candidature-inscription-a\u0300-lUD-externe-2023-MTISL_FORMATION-INITIALE.docx\" target=\"_blank\" rel=\"noreferrer noopener\">Formulaire de Candidature au Master en Formation initiale<\/a><\/p>\n","protected":false},"excerpt":{"rendered":"<p>Article 1 : Objet 1.1 L\u2019universit\u00e9 de Djibouti d\u00e9cerne les titres de master correspondant au programme suivant : &#8211; Didactique des langues et des cultures \u00e9trang\u00e8res (DLCE) \u00e0 la FLLSH. &#8211; Gestion de risques et des catastrophes (GRC) \u00e0 la FLLSH. &#8211; Droit et Gestion de la sant\u00e9 (DGS) \u00e0&hellip;<\/p>\n","protected":false},"author":1,"featured_media":0,"parent":0,"menu_order":0,"comment_status":"closed","ping_status":"closed","template":"","meta":[],"_links":{"self":[{"href":"https:\/\/www.univ.edu.dj\/ace1\/index.php?rest_route=\/wp\/v2\/pages\/1082"}],"collection":[{"href":"https:\/\/www.univ.edu.dj\/ace1\/index.php?rest_route=\/wp\/v2\/pages"}],"about":[{"href":"https:\/\/www.univ.edu.dj\/ace1\/index.php?rest_route=\/wp\/v2\/types\/page"}],"author":[{"embeddable":true,"href":"https:\/\/www.univ.edu.dj\/ace1\/index.php?rest_route=\/wp\/v2\/users\/1"}],"replies":[{"embeddable":true,"href":"https:\/\/www.univ.edu.dj\/ace1\/index.php?rest_route=%2Fwp%2Fv2%2Fcomments&post=1082"}],"version-history":[{"count":3,"href":"https:\/\/www.univ.edu.dj\/ace1\/index.php?rest_route=\/wp\/v2\/pages\/1082\/revisions"}],"predecessor-version":[{"id":2118,"href":"https:\/\/www.univ.edu.dj\/ace1\/index.php?rest_route=\/wp\/v2\/pages\/1082\/revisions\/2118"}],"wp:attachment":[{"href":"https:\/\/www.univ.edu.dj\/ace1\/index.php?rest_route=%2Fwp%2Fv2%2Fmedia&parent=1082"}],"curies":[{"name":"wp","href":"https:\/\/api.w.org\/{rel}","templated":true}]}}