{"id":1340,"date":"2021-07-12T23:57:39","date_gmt":"2021-07-12T21:57:39","guid":{"rendered":"https:\/\/www.univ.edu.dj\/ace1\/?page_id=1340"},"modified":"2025-02-12T16:52:39","modified_gmt":"2025-02-12T15:52:39","slug":"rapport-financier-rfi","status":"publish","type":"page","link":"https:\/\/www.univ.edu.dj\/ace1\/?page_id=1340","title":{"rendered":"Rapport financier RFI"},"content":{"rendered":"\t\t<div data-elementor-type=\"wp-page\" data-elementor-id=\"1340\" class=\"elementor elementor-1340\" data-elementor-settings=\"[]\">\n\t\t\t\t\t\t<div class=\"elementor-inner\">\n\t\t\t\t\t\t\t<div class=\"elementor-section-wrap\">\n\t\t\t\t\t\t\t<section class=\"elementor-section elementor-top-section elementor-element elementor-element-3c33915b elementor-section-boxed elementor-section-height-default elementor-section-height-default\" data-id=\"3c33915b\" data-element_type=\"section\">\n\t\t\t\t\t\t<div class=\"elementor-container elementor-column-gap-default\">\n\t\t\t\t\t\t\t<div class=\"elementor-row\">\n\t\t\t\t\t<div class=\"elementor-column elementor-col-100 elementor-top-column elementor-element elementor-element-77199afc\" data-id=\"77199afc\" data-element_type=\"column\">\n\t\t\t<div class=\"elementor-column-wrap elementor-element-populated\">\n\t\t\t\t\t\t\t<div class=\"elementor-widget-wrap\">\n\t\t\t\t\t\t<div class=\"elementor-element elementor-element-54aca886 elementor-widget elementor-widget-text-editor\" data-id=\"54aca886\" data-element_type=\"widget\" data-widget_type=\"text-editor.default\">\n\t\t\t\t<div class=\"elementor-widget-container\">\n\t\t\t\t\t<div class=\"elementor-text-editor elementor-clearfix\"><p><!-- wp:paragraph --><\/p>\n<p>La R\u00e9publique de Djibouti, au carrefour de trois continents est situ\u00e9e sur l\u2019une des routes maritimes les plus fr\u00e9quent\u00e9es au monde, et sur la nouvelle route de la soie qui stimule les \u00e9changes depuis et vers la Chine. Pour participer plus intensivement au d\u00e9veloppement socio-\u00e9conomique de son pays, qui a l\u2019ambition de devenir un hub logistique r\u00e9gional, l\u2019Universit\u00e9 de Djibouti souhaite \u00eatre un acteur de ce d\u00e9veloppement en augmentant les comp\u00e9tences pluridisciplinaires qui r\u00e9pondent \u00e0 de r\u00e9els besoins dans le domaine de la logistique et du transport par le transfert des connaissances, et ce, en proposant la r\u00e9alisation d\u2019un \u00ab Centre d\u2019Excellence Africain en Logistique et Transport r\u00e9gional \u00bb, CEALT. Ce centre doit r\u00e9pondre \u00e0 la probl\u00e9matique de comp\u00e9tences et de qualifications dans le secteur de la logistique par le renforcement des qualifications des ressources humaines via la formation, l\u2019enseignement(formation continue, Master, PhD), la recherche et par ses services rendus \u00e0 la soci\u00e9t\u00e9.<\/p>\n<p><!-- \/wp:paragraph --><\/p>\n<p><!-- wp:paragraph --><\/p>\n<p><em><strong><a href=\"https:\/\/www.univ.edu.dj\/ace1\/wp-content\/uploads\/2021\/08\/RFI-30-06-2021.pdf\" target=\"_blank\" rel=\"noreferrer noopener\">T\u00e9l\u00e9charger le rapport financier du 30\/06\/2021<\/a><\/strong><\/em><\/p>\n<p><em><strong><a href=\"https:\/\/www.univ.edu.dj\/ace1\/wp-content\/uploads\/2022\/03\/RFI31122021.pdf\" target=\"_blank\" rel=\"noreferrer noopener\">T\u00e9l\u00e9charger le rapport financier du 31\/12\/2021<\/a><\/strong><\/em><\/p>\n<p><a href=\"https:\/\/www.univ.edu.dj\/ace1\/wp-content\/uploads\/2022\/09\/RFI-du-CEALT-au-30-Juin-2022-1_compressed.pdf\" target=\"_blank\" rel=\"noopener\"><b><i>T\u00e9l\u00e9charger le rapport financier du 30\/06\/2022<\/i><\/b><\/a><em><br><\/em><\/p>\n<p><a href=\"https:\/\/www.univ.edu.dj\/ace1\/wp-content\/uploads\/2023\/03\/RFI-CEALT-au-31-12-2022-1_compressed-avec-compression.pdf\" target=\"_blank\" rel=\"noopener\"><b>T\u00e9l\u00e9charger le rapport financier du 30\/12\/2022<\/b><\/a><\/p>\n<p><span style=\"background-color: #ffffff; color: #0396a0; outline: 0px; font-weight: bold;\"><a href=\"https:\/\/www.univ.edu.dj\/ace1\/wp-content\/uploads\/2024\/05\/RFI-AU-31-DECEMBRE-2023_compressed.pdf\">T\u00e9l\u00e9charger le rapport financier du 31\/12\/2023<\/a><\/span><\/p>\n<p><a href=\"https:\/\/www.univ.edu.dj\/ace1\/wp-content\/uploads\/2024\/08\/SF-CEALT-30-06-24.pdf\" target=\"_blank\" rel=\"noopener\"><b>T\u00e9l\u00e9charger le rapport financier du 30\/06\/2024<\/b><\/a><\/p>\n<p><span style=\"background-color: #ffffff; color: #0396a0; outline: 0px; font-weight: bold;\">T\u00e9l\u00e9charger le rapport financier du 30\/12\/2024<\/span><\/p>\n<p><span style=\"background-color: #ffffff; color: #0396a0; outline: 0px; font-weight: bold;\">&nbsp; &nbsp;<\/span><b><span style=\"background-color: rgb(255, 255, 255); color: rgb(3, 150, 160); outline: 0px;\"> &nbsp; &nbsp; &nbsp;<\/span><a style=\"font-family: var( --e-global-typography-text-font-family ), Sans-serif; background-color: rgb(255, 255, 255);\" href=\"https:\/\/www.univ.edu.dj\/ace1\/wp-content\/uploads\/2025\/02\/RFI-au-31122024-1-10.pdf\" target=\"_blank\" rel=\"noopener\">&#8211; partie 1 (page 1\u00e0 10)<\/a><\/b><\/p>\n<p><b><span style=\"background-color: rgb(255, 255, 255); color: rgb(3, 150, 160); outline: 0px;\">&nbsp; &nbsp; &nbsp; &nbsp; &nbsp;<\/span><a style=\"font-family: var( --e-global-typography-text-font-family ), Sans-serif; background-color: rgb(255, 255, 255);\" href=\"https:\/\/www.univ.edu.dj\/ace1\/wp-content\/uploads\/2025\/02\/RFI-au-31122024-11-21.pdf\" target=\"_blank\" rel=\"noopener\">&#8211; partie 2 (page 11 a 21)<\/a><\/b><\/p>\n<p><b><span style=\"background-color: rgb(255, 255, 255); color: rgb(3, 150, 160); outline: 0px;\">&nbsp; &nbsp; &nbsp; &nbsp; &nbsp;<\/span><a style=\"font-family: var( --e-global-typography-text-font-family ), Sans-serif; background-color: rgb(255, 255, 255);\" href=\"https:\/\/www.univ.edu.dj\/ace1\/wp-content\/uploads\/2025\/02\/RFI-au-31122024-22-32.pdf\" target=\"_blank\" rel=\"noopener\">&#8211; partie 3 (page 22 \u00e0 32)<\/a><\/b><\/p>\n<p><b><span style=\"background-color: rgb(255, 255, 255); color: rgb(3, 150, 160); outline: 0px;\">&nbsp; &nbsp; &nbsp; &nbsp; &nbsp;<\/span><a style=\"font-family: var( --e-global-typography-text-font-family ), Sans-serif; background-color: rgb(255, 255, 255);\" href=\"https:\/\/www.univ.edu.dj\/ace1\/wp-content\/uploads\/2025\/02\/RFI-au-31122024-33-43.pdf\" target=\"_blank\" rel=\"noopener\">&#8211; partie 4 (page 33 \u00e0&nbsp; 43)<\/a><\/b><\/p>\n<p><b><span style=\"background-color: rgb(255, 255, 255); color: rgb(3, 150, 160); outline: 0px;\">&nbsp; &nbsp; &nbsp; &nbsp; &nbsp;<\/span><a style=\"font-family: var( --e-global-typography-text-font-family ), Sans-serif; background-color: rgb(255, 255, 255);\" href=\"https:\/\/www.univ.edu.dj\/ace1\/wp-content\/uploads\/2025\/02\/RFI-au-31122024-44-50.pdf\" target=\"_blank\" rel=\"noopener\">&#8211; partie 5 (page 44 \u00e0 50)<\/a><\/b><\/p>\n<p><span style=\"background-color: #ffffff; color: #0396a0; outline: 0px; font-weight: bold;\">&nbsp; &nbsp; &nbsp; &nbsp;&nbsp;<\/span><\/p>\n<p><\/p>\n<p><!-- \/wp:paragraph --><\/p><\/div>\n\t\t\t\t<\/div>\n\t\t\t\t<\/div>\n\t\t\t\t\t\t<\/div>\n\t\t\t\t\t<\/div>\n\t\t<\/div>\n\t\t\t\t\t\t\t\t<\/div>\n\t\t\t\t\t<\/div>\n\t\t<\/section>\n\t\t\t\t\t\t<\/div>\n\t\t\t\t\t\t<\/div>\n\t\t\t\t\t<\/div>\n\t\t","protected":false},"excerpt":{"rendered":"<p>La R\u00e9publique de Djibouti, au carrefour de trois continents est situ\u00e9e sur l\u2019une des routes maritimes les plus fr\u00e9quent\u00e9es au monde, et sur la nouvelle route de la soie qui stimule les \u00e9changes depuis et vers la Chine. Pour participer plus intensivement au d\u00e9veloppement socio-\u00e9conomique de son pays, qui a&hellip;<\/p>\n","protected":false},"author":1,"featured_media":0,"parent":0,"menu_order":0,"comment_status":"closed","ping_status":"closed","template":"","meta":[],"_links":{"self":[{"href":"https:\/\/www.univ.edu.dj\/ace1\/index.php?rest_route=\/wp\/v2\/pages\/1340"}],"collection":[{"href":"https:\/\/www.univ.edu.dj\/ace1\/index.php?rest_route=\/wp\/v2\/pages"}],"about":[{"href":"https:\/\/www.univ.edu.dj\/ace1\/index.php?rest_route=\/wp\/v2\/types\/page"}],"author":[{"embeddable":true,"href":"https:\/\/www.univ.edu.dj\/ace1\/index.php?rest_route=\/wp\/v2\/users\/1"}],"replies":[{"embeddable":true,"href":"https:\/\/www.univ.edu.dj\/ace1\/index.php?rest_route=%2Fwp%2Fv2%2Fcomments&post=1340"}],"version-history":[{"count":26,"href":"https:\/\/www.univ.edu.dj\/ace1\/index.php?rest_route=\/wp\/v2\/pages\/1340\/revisions"}],"predecessor-version":[{"id":2525,"href":"https:\/\/www.univ.edu.dj\/ace1\/index.php?rest_route=\/wp\/v2\/pages\/1340\/revisions\/2525"}],"wp:attachment":[{"href":"https:\/\/www.univ.edu.dj\/ace1\/index.php?rest_route=%2Fwp%2Fv2%2Fmedia&parent=1340"}],"curies":[{"name":"wp","href":"https:\/\/api.w.org\/{rel}","templated":true}]}}