{"id":1470,"date":"2021-09-13T22:30:33","date_gmt":"2021-09-13T20:30:33","guid":{"rendered":"https:\/\/www.univ.edu.dj\/ace1\/?page_id=1470"},"modified":"2021-09-13T22:40:41","modified_gmt":"2021-09-13T20:40:41","slug":"pges","status":"publish","type":"page","link":"https:\/\/www.univ.edu.dj\/ace1\/?page_id=1470","title":{"rendered":"PGES"},"content":{"rendered":"\t\t<div data-elementor-type=\"wp-page\" data-elementor-id=\"1470\" class=\"elementor elementor-1470\" data-elementor-settings=\"[]\">\n\t\t\t\t\t\t<div class=\"elementor-inner\">\n\t\t\t\t\t\t\t<div class=\"elementor-section-wrap\">\n\t\t\t\t\t\t\t<section class=\"elementor-section elementor-top-section elementor-element elementor-element-014f739 elementor-section-boxed elementor-section-height-default elementor-section-height-default\" data-id=\"014f739\" data-element_type=\"section\">\n\t\t\t\t\t\t<div class=\"elementor-container elementor-column-gap-default\">\n\t\t\t\t\t\t\t<div class=\"elementor-row\">\n\t\t\t\t\t<div class=\"elementor-column elementor-col-100 elementor-top-column elementor-element elementor-element-3866d3b\" data-id=\"3866d3b\" data-element_type=\"column\">\n\t\t\t<div class=\"elementor-column-wrap elementor-element-populated\">\n\t\t\t\t\t\t\t<div class=\"elementor-widget-wrap\">\n\t\t\t\t\t\t<div class=\"elementor-element elementor-element-fe98d40 elementor-widget elementor-widget-text-editor\" data-id=\"fe98d40\" data-element_type=\"widget\" data-widget_type=\"text-editor.default\">\n\t\t\t\t<div class=\"elementor-widget-container\">\n\t\t\t\t\t<div class=\"elementor-text-editor elementor-clearfix\"><p><span style=\"color: #000000;\">Situ\u00e9 sur un emplacement strat\u00e9gique au carrefour de trois continents, l\u2019Asie, l&rsquo;Afrique et l&rsquo;Europe, Djibouti est sur les principales routes maritimes internationales. La R\u00e9publique de Djibouti est une plaque tournante du transport r\u00e9gional. Pour l&rsquo;\u00c9thiopie, grande avec ses 90 millions d\u2019habitants, Djibouti est actuellement le seul acc\u00e8s \u00e0 la mer. Le secteur des transports reste le pilier de l&rsquo;\u00e9conomie nationale : les services portuaires et les services de transit et routiers sont les principales activit\u00e9s du secteur du commerce, qui contribue \u00e0 plus de 70% \u00e0 la cr\u00e9ation de richesse\u2026<\/span><\/p><p><span style=\"color: #000000;\"><em><strong><a style=\"color: #000000;\" href=\"https:\/\/www.univ.edu.dj\/ace1\/wp-content\/uploads\/2021\/09\/PGES_CEALT.pdf\" target=\"_blank\" rel=\"noopener\">T\u00e9l\u00e9charger le plan de gestion environnementale et sociale<\/a><\/strong><\/em><\/span><\/p><\/div>\n\t\t\t\t<\/div>\n\t\t\t\t<\/div>\n\t\t\t\t\t\t<\/div>\n\t\t\t\t\t<\/div>\n\t\t<\/div>\n\t\t\t\t\t\t\t\t<\/div>\n\t\t\t\t\t<\/div>\n\t\t<\/section>\n\t\t\t\t\t\t<\/div>\n\t\t\t\t\t\t<\/div>\n\t\t\t\t\t<\/div>\n\t\t","protected":false},"excerpt":{"rendered":"<p>Situ\u00e9 sur un emplacement strat\u00e9gique au carrefour de trois continents, l\u2019Asie, l&rsquo;Afrique et l&rsquo;Europe, Djibouti est sur les principales routes maritimes internationales. La R\u00e9publique de Djibouti est une plaque tournante du transport r\u00e9gional. Pour l&rsquo;\u00c9thiopie, grande avec ses 90 millions d\u2019habitants, Djibouti est actuellement le seul acc\u00e8s \u00e0 la mer.&hellip;<\/p>\n","protected":false},"author":1,"featured_media":0,"parent":0,"menu_order":0,"comment_status":"closed","ping_status":"closed","template":"","meta":[],"_links":{"self":[{"href":"https:\/\/www.univ.edu.dj\/ace1\/index.php?rest_route=\/wp\/v2\/pages\/1470"}],"collection":[{"href":"https:\/\/www.univ.edu.dj\/ace1\/index.php?rest_route=\/wp\/v2\/pages"}],"about":[{"href":"https:\/\/www.univ.edu.dj\/ace1\/index.php?rest_route=\/wp\/v2\/types\/page"}],"author":[{"embeddable":true,"href":"https:\/\/www.univ.edu.dj\/ace1\/index.php?rest_route=\/wp\/v2\/users\/1"}],"replies":[{"embeddable":true,"href":"https:\/\/www.univ.edu.dj\/ace1\/index.php?rest_route=%2Fwp%2Fv2%2Fcomments&post=1470"}],"version-history":[{"count":4,"href":"https:\/\/www.univ.edu.dj\/ace1\/index.php?rest_route=\/wp\/v2\/pages\/1470\/revisions"}],"predecessor-version":[{"id":1479,"href":"https:\/\/www.univ.edu.dj\/ace1\/index.php?rest_route=\/wp\/v2\/pages\/1470\/revisions\/1479"}],"wp:attachment":[{"href":"https:\/\/www.univ.edu.dj\/ace1\/index.php?rest_route=%2Fwp%2Fv2%2Fmedia&parent=1470"}],"curies":[{"name":"wp","href":"https:\/\/api.w.org\/{rel}","templated":true}]}}