{"id":1629,"date":"2022-03-15T19:32:04","date_gmt":"2022-03-15T18:32:04","guid":{"rendered":"https:\/\/www.univ.edu.dj\/ace1\/?page_id=1629"},"modified":"2025-02-12T16:25:00","modified_gmt":"2025-02-12T15:25:00","slug":"audits","status":"publish","type":"page","link":"https:\/\/www.univ.edu.dj\/ace1\/?page_id=1629","title":{"rendered":"Audits"},"content":{"rendered":"\t\t<div data-elementor-type=\"wp-page\" data-elementor-id=\"1629\" class=\"elementor elementor-1629\" data-elementor-settings=\"[]\">\n\t\t\t\t\t\t<div class=\"elementor-inner\">\n\t\t\t\t\t\t\t<div class=\"elementor-section-wrap\">\n\t\t\t\t\t\t\t<section class=\"elementor-section elementor-top-section elementor-element elementor-element-74581885 elementor-section-boxed elementor-section-height-default elementor-section-height-default\" data-id=\"74581885\" data-element_type=\"section\">\n\t\t\t\t\t\t<div class=\"elementor-container elementor-column-gap-default\">\n\t\t\t\t\t\t\t<div class=\"elementor-row\">\n\t\t\t\t\t<div class=\"elementor-column elementor-col-100 elementor-top-column elementor-element elementor-element-5c4c848b\" data-id=\"5c4c848b\" data-element_type=\"column\">\n\t\t\t<div class=\"elementor-column-wrap elementor-element-populated\">\n\t\t\t\t\t\t\t<div class=\"elementor-widget-wrap\">\n\t\t\t\t\t\t<div class=\"elementor-element elementor-element-5c2f2b7 elementor-widget elementor-widget-text-editor\" data-id=\"5c2f2b7\" data-element_type=\"widget\" data-widget_type=\"text-editor.default\">\n\t\t\t\t<div class=\"elementor-widget-container\">\n\t\t\t\t\t<div class=\"elementor-text-editor elementor-clearfix\"><p><span style=\"color: #000000;\"><!-- wp:paragraph {\"align\":\"center\"} --><\/span><\/p>\n<p><span style=\"color: #000000;\">Lettre<strong> de contr\u00f4le interne au titre de l\u2019audit des comptes du projet (CEA IMPACT) au 31 d\u00e9cembre 2020 &#8211; Version d\u00e9finitive. <\/strong><em><strong><a style=\"color: #000000;\" href=\"https:\/\/www.univ.edu.dj\/ace1\/wp-content\/uploads\/2022\/03\/Projet-CEALT-Audit-2020-Rapport-sur-le-controle-interne-Vd.pdf\" target=\"_blank\" rel=\"noreferrer noopener\"><span style=\"color: #008080;\">T\u00e9l\u00e9charger<\/span><\/a><\/strong><\/em><\/span><\/p>\n<p><span style=\"color: #000000;\"><!-- \/wp:paragraph --><!-- wp:separator --><\/span><\/p>\n<p style=\"text-align: center;\"><span style=\"color: #000000;\"><!-- \/wp:separator --><!-- wp:paragraph {\"align\":\"center\"} --><\/span><\/p>\n<p style=\"text-align: center;\">&#8212;&#8212;&#8212;&#8212;&#8212;&#8212;&#8212;<\/p>\n<p><span style=\"color: #000000;\"><strong>Rapport d\u2019audit du Projet de Centre d\u2019Excellence d\u2019Afrique pour l\u2019Impact sur le D\u00e9veloppement, Djibouti &#8211; Version d\u00e9finitive.<\/strong> <span style=\"color: #008080;\"><em><strong><a style=\"color: #008080;\" href=\"https:\/\/www.univ.edu.dj\/ace1\/wp-content\/uploads\/2022\/03\/Projet-CEALT-Audit-2020-Rapport-audit-Vd-du-14-02-2022.pdf\" target=\"_blank\" rel=\"noreferrer noopener\">T\u00e9l\u00e9charger<\/a><\/strong><\/em><\/span><\/span><\/p>\n<p style=\"text-align: center;\">&#8212;&#8212;&#8212;&#8212;&#8212;&#8212;&#8212;<\/p>\n<p><span style=\"color: #000000;\"><span style=\"font-weight: bolder;\">Rapport d\u2019audit externe 2021.&nbsp;<\/span><\/span><a style=\"font-family: var( --e-global-typography-text-font-family ), Sans-serif; background-color: #ffffff;\" href=\"https:\/\/www.univ.edu.dj\/ace1\/wp-content\/uploads\/2023\/01\/Projet-CEALT-2021-Rapport-daudit-def-du-02-octobre-2022-2-avec-compression.pdf\" target=\"_blank\" rel=\"noopener\"><b><i>T\u00e9l\u00e9charger<\/i><\/b><\/a><\/p>\n<p><span style=\"color: #000000;\"><span style=\"color: #008080;\"><em>&nbsp;<\/em><\/span><\/span><span style=\"text-align: center; color: var( --e-global-color-text ); font-family: var( --e-global-typography-text-font-family ), Sans-serif; font-weight: var( --e-global-typography-text-font-weight );\">&nbsp; &nbsp; &nbsp; &nbsp; &nbsp; &nbsp; &nbsp; &nbsp; &nbsp; &nbsp; &nbsp; &nbsp; &nbsp; &nbsp; &nbsp; &nbsp; &nbsp; &nbsp; &nbsp; &nbsp; &nbsp; &nbsp; &nbsp; &nbsp; &nbsp; &nbsp; &nbsp; &nbsp; &nbsp; &nbsp; &nbsp; &nbsp; &nbsp; &nbsp; &nbsp; &nbsp; &nbsp; &nbsp; &#8212;&#8212;&#8212;&#8212;&#8212;&#8212;&#8212;<\/span><\/p>\n<p style=\"text-align: left;\"><span style=\"color: #000000;\"><strong>Lettre de contr\u00f4le interne&nbsp;<span style=\"font-family: var( --e-global-typography-text-font-family ), Sans-serif;\">au titre de l\u2019audit des comptes du projet (CEA-IMPACT) \/&nbsp;<\/span><span style=\"font-family: var( --e-global-typography-text-font-family ), Sans-serif;\">au 31 d\u00e9cembre 2022.&nbsp;<\/span><\/strong><\/span><strong><a style=\"font-family: var( --e-global-typography-text-font-family ), Sans-serif; font-weight: var( --e-global-typography-text-font-weight ); background-color: #ffffff;\" href=\"https:\/\/www.univ.edu.dj\/ace1\/wp-content\/uploads\/2023\/05\/Projet-CEALT-Audit-2022-Lettre-sur-le-controle-interne-version-definitive.-revu.pdf\" target=\"_blank\" rel=\"noopener\">T\u00e9l\u00e9charger<\/a><\/strong><\/p>\n<p>&nbsp; &nbsp; &nbsp; &nbsp; &nbsp; &nbsp; &nbsp; &nbsp; &nbsp; &nbsp; &nbsp; &nbsp; &nbsp; &nbsp; &nbsp; &nbsp; &nbsp; &nbsp; &nbsp; &nbsp; &nbsp; &nbsp; &nbsp; &nbsp; &nbsp; &nbsp; &nbsp; &nbsp; &nbsp; &nbsp; &nbsp; &nbsp; &nbsp; &nbsp; &nbsp; &nbsp; &nbsp; &nbsp; &nbsp;&#8212;&#8212;&#8212;&#8212;&#8212;&#8212;&#8212;<\/p>\n<p><span style=\"color: #000000;\"><strong>Rapport d\u2019audit externe 2022 . <a href=\"https:\/\/www.univ.edu.dj\/ace1\/wp-content\/uploads\/2023\/05\/Projet-CEALT-2022-Rapport-daudit-version-definitive_compressed.pdf\">T\u00e9l\u00e9charger<\/a><\/strong><\/span><\/p>\n<p><span style=\"font-weight: bolder; color: #000000;\">Rapport d\u2019audit externe 2023 .&nbsp;<\/span><a style=\"font-family: var( --e-global-typography-text-font-family ), Sans-serif; background-color: #ffffff;\" href=\"https:\/\/www.univ.edu.dj\/ace1\/wp-content\/uploads\/2024\/07\/Rapport-audit-externe-2023_compressed-1.pdf\" target=\"_blank\" rel=\"noopener\"><b>T\u00e9l\u00e9charger<\/b><\/a><\/p>\n<p><span style=\"color: #000000;\"><span style=\"font-weight: bolder;\">Rapport <\/span><b>sur les Proc\u00e9dures et le Contr\u00f4le Interne du Projet CEA-IMPACT_2023<\/b><span style=\"font-weight: bolder;\">&nbsp;.&nbsp;<\/span><\/span><a style=\"font-family: var( --e-global-typography-text-font-family ), Sans-serif; background-color: #ffffff;\" href=\"https:\/\/www.univ.edu.dj\/ace1\/wp-content\/uploads\/2024\/11\/Rapport-sur-les-Procedures-et-le-Controle-Interne-du-Projet-CEA-IMPACT_2023.pdf\" target=\"_blank\" rel=\"noopener\"><b>T\u00e9l\u00e9charger<\/b><\/a><\/p>\n<p><span style=\"font-weight: bolder; color: #000000;\">Rapport d\u2019audit externe 2024 .<\/span><\/p>\n<p><b><span style=\"background-color: rgb(255, 255, 255); color: rgb(3, 150, 160); outline: 0px; font-family: var( --e-global-typography-text-font-family ), Sans-serif;\">&nbsp; &nbsp; &nbsp; &nbsp;&nbsp;<\/span><a style=\"font-family: var( --e-global-typography-text-font-family ), Sans-serif; background-color: rgb(255, 255, 255);\" href=\"https:\/\/www.univ.edu.dj\/ace1\/wp-content\/uploads\/2025\/02\/CEALT.-Rapport-de-lauditeur-independant-24_p1.pdf\" target=\"_blank\" rel=\"noopener\">&#8211; partie 1 ( de la page 1 \u00e0 15)<\/a><\/b><\/p>\n<p><b><span style=\"background-color: rgb(255, 255, 255); color: rgb(3, 150, 160); outline: 0px; font-family: var( --e-global-typography-text-font-family ), Sans-serif;\">&nbsp; &nbsp; &nbsp; &nbsp;&nbsp;<\/span><a href=\"https:\/\/www.univ.edu.dj\/ace1\/wp-content\/uploads\/2025\/02\/CEALT.-Rapport-de-lauditeur-independant-24_p2.pdf\" target=\"_blank\" style=\"font-family: var( --e-global-typography-text-font-family ), Sans-serif; background-color: rgb(255, 255, 255);\">&#8211; partie 2 (de la page 16 \u00e0 31)<\/a><\/b><\/p>\n<p><b><span style=\"background-color: rgb(255, 255, 255); color: rgb(3, 150, 160); outline: 0px; font-family: var( --e-global-typography-text-font-family ), Sans-serif;\">&nbsp; &nbsp; &nbsp; &nbsp;&nbsp;<\/span><a href=\"https:\/\/www.univ.edu.dj\/ace1\/wp-content\/uploads\/2025\/02\/CEALT.-Rapport-de-lauditeur-independant-24_p3.pdf\" target=\"_blank\" style=\"font-family: var( --e-global-typography-text-font-family ), Sans-serif; background-color: rgb(255, 255, 255);\">&#8211; partie 3 (de la page 32 \u00e0 45)<\/a><\/b><\/p>\n<p><a href=\"https:\/\/www.univ.edu.dj\/ace1\/wp-content\/uploads\/2025\/02\/CEALT.-Lettre-sur-le-controle-interne-24-2.pdf\" target=\"_blank\"><b>Lettre sur le contr\u00f4le interne 2024<\/b><\/a><\/p>\n<p>&nbsp; &nbsp; &nbsp; &nbsp; &nbsp; &nbsp; &nbsp; &nbsp; &nbsp; &nbsp; &nbsp; &nbsp; &nbsp; &nbsp; &nbsp; &nbsp; &nbsp; &nbsp; &nbsp; &nbsp; &nbsp; &nbsp; &nbsp; &nbsp; &nbsp; &nbsp; &nbsp; &nbsp; &nbsp; &nbsp; &nbsp; &nbsp; &nbsp; &nbsp; &nbsp; &nbsp; &nbsp; &nbsp; &nbsp;&#8212;&#8212;&#8212;&#8212;&#8212;&#8212;&#8212;<\/p>\n<div><a href=\"https:\/\/www.univ.edu.dj\/ace1\/wp-content\/uploads\/2025\/02\/Rapport-du-comite-daudit-interne_exercice-2023_compressed.pdf\" target=\"_blank\"><b>Rapport du Comit\u00e9 d&rsquo;audit interne 2023<\/b><\/a><b><br><\/b><a href=\"https:\/\/www.univ.edu.dj\/ace1\/wp-content\/uploads\/2025\/02\/Rapport-du-comite-daudit-interne_exercice-2024_compressed.pdf\" target=\"_blank\"><b>Rapport du Comit\u00e9 d&rsquo;audit interne 2024&nbsp;<\/b><\/a><b><\/b><\/div>\n<p style=\"text-align: left;\">\n<\/p><p style=\"text-align: left;\">\n<\/p><p><span style=\"color: #000000;\"><!-- \/wp:paragraph --><\/span><\/p><\/div>\n\t\t\t\t<\/div>\n\t\t\t\t<\/div>\n\t\t\t\t\t\t<\/div>\n\t\t\t\t\t<\/div>\n\t\t<\/div>\n\t\t\t\t\t\t\t\t<\/div>\n\t\t\t\t\t<\/div>\n\t\t<\/section>\n\t\t\t\t\t\t<\/div>\n\t\t\t\t\t\t<\/div>\n\t\t\t\t\t<\/div>\n\t\t","protected":false},"excerpt":{"rendered":"<p>Lettre de contr\u00f4le interne au titre de l\u2019audit des comptes du projet (CEA IMPACT) au 31 d\u00e9cembre 2020 &#8211; Version d\u00e9finitive. T\u00e9l\u00e9charger &#8212;&#8212;&#8212;&#8212;&#8212;&#8212;&#8212; Rapport d\u2019audit du Projet de Centre d\u2019Excellence d\u2019Afrique pour l\u2019Impact sur le D\u00e9veloppement, Djibouti &#8211; Version d\u00e9finitive. T\u00e9l\u00e9charger &#8212;&#8212;&#8212;&#8212;&#8212;&#8212;&#8212; Rapport d\u2019audit externe 2021.&nbsp;T\u00e9l\u00e9charger &nbsp;&nbsp; &nbsp; &nbsp; &nbsp;&hellip;<\/p>\n","protected":false},"author":1,"featured_media":0,"parent":0,"menu_order":0,"comment_status":"closed","ping_status":"closed","template":"","meta":[],"_links":{"self":[{"href":"https:\/\/www.univ.edu.dj\/ace1\/index.php?rest_route=\/wp\/v2\/pages\/1629"}],"collection":[{"href":"https:\/\/www.univ.edu.dj\/ace1\/index.php?rest_route=\/wp\/v2\/pages"}],"about":[{"href":"https:\/\/www.univ.edu.dj\/ace1\/index.php?rest_route=\/wp\/v2\/types\/page"}],"author":[{"embeddable":true,"href":"https:\/\/www.univ.edu.dj\/ace1\/index.php?rest_route=\/wp\/v2\/users\/1"}],"replies":[{"embeddable":true,"href":"https:\/\/www.univ.edu.dj\/ace1\/index.php?rest_route=%2Fwp%2Fv2%2Fcomments&post=1629"}],"version-history":[{"count":38,"href":"https:\/\/www.univ.edu.dj\/ace1\/index.php?rest_route=\/wp\/v2\/pages\/1629\/revisions"}],"predecessor-version":[{"id":2512,"href":"https:\/\/www.univ.edu.dj\/ace1\/index.php?rest_route=\/wp\/v2\/pages\/1629\/revisions\/2512"}],"wp:attachment":[{"href":"https:\/\/www.univ.edu.dj\/ace1\/index.php?rest_route=%2Fwp%2Fv2%2Fmedia&parent=1629"}],"curies":[{"name":"wp","href":"https:\/\/api.w.org\/{rel}","templated":true}]}}