{"id":1800,"date":"2022-08-15T22:14:26","date_gmt":"2022-08-15T20:14:26","guid":{"rendered":"https:\/\/www.univ.edu.dj\/ace1\/?page_id=1800"},"modified":"2025-07-08T09:58:14","modified_gmt":"2025-07-08T07:58:14","slug":"jalon-1-coe","status":"publish","type":"page","link":"https:\/\/www.univ.edu.dj\/ace1\/?page_id=1800","title":{"rendered":"Jalon 1 CoE"},"content":{"rendered":"\t\t<div data-elementor-type=\"wp-page\" data-elementor-id=\"1800\" class=\"elementor elementor-1800\" data-elementor-settings=\"[]\">\n\t\t\t\t\t\t<div class=\"elementor-inner\">\n\t\t\t\t\t\t\t<div class=\"elementor-section-wrap\">\n\t\t\t\t\t\t\t<section class=\"elementor-section elementor-top-section elementor-element elementor-element-e87f204 elementor-section-boxed elementor-section-height-default elementor-section-height-default\" data-id=\"e87f204\" data-element_type=\"section\">\n\t\t\t\t\t\t<div class=\"elementor-container elementor-column-gap-default\">\n\t\t\t\t\t\t\t<div class=\"elementor-row\">\n\t\t\t\t\t<div class=\"elementor-column elementor-col-100 elementor-top-column elementor-element elementor-element-975a3ff\" data-id=\"975a3ff\" data-element_type=\"column\">\n\t\t\t<div class=\"elementor-column-wrap elementor-element-populated\">\n\t\t\t\t\t\t\t<div class=\"elementor-widget-wrap\">\n\t\t\t\t\t\t<div class=\"elementor-element elementor-element-cae1979 elementor-widget elementor-widget-text-editor\" data-id=\"cae1979\" data-element_type=\"widget\" data-widget_type=\"text-editor.default\">\n\t\t\t\t<div class=\"elementor-widget-container\">\n\t\t\t\t\t<div class=\"elementor-text-editor elementor-clearfix\"><p style=\"text-align: center;\"><span style=\"color: #000000;\"><span dir=\"ltr\" style=\"left: 177.143px; top: 853.402px; font-size: 26.8px; font-family: sans-serif;\" role=\"presentation\">Ensemble des documents relatifs au t<\/span><span dir=\"ltr\" style=\"left: 188.341px; top: 853.402px; font-size: 26.8px; font-family: sans-serif; transform: scaleX(1.12042);\" role=\"presentation\">ravaux de<\/span> <span dir=\"ltr\" style=\"left: 327.547px; top: 853.402px; font-size: 26.8px; font-family: sans-serif; transform: scaleX(1.08953);\" role=\"presentation\">construction d\u2019un<\/span> <span dir=\"ltr\" style=\"left: 562.195px; top: 853.402px; font-size: 26.8px; font-family: sans-serif; transform: scaleX(1.0896);\" role=\"presentation\">hangar pour le<\/span> <span dir=\"ltr\" style=\"left: 762.729px; top: 853.402px; font-size: 26.8px; font-family: sans-serif; transform: scaleX(1.08816);\" role=\"presentation\">Centre<\/span><\/span><br role=\"presentation\"><span dir=\"ltr\" style=\"left: 165.164px; top: 886.202px; font-size: 26.8px; font-family: sans-serif; transform: scaleX(1.08016); color: #000000;\" role=\"presentation\">d\u2019Excellence Africain pour la Logistique et le Transport<\/span><\/p><\/div>\n\t\t\t\t<\/div>\n\t\t\t\t<\/div>\n\t\t\t\t\t\t<\/div>\n\t\t\t\t\t<\/div>\n\t\t<\/div>\n\t\t\t\t\t\t\t\t<\/div>\n\t\t\t\t\t<\/div>\n\t\t<\/section>\n\t\t\t\t<section class=\"elementor-section elementor-top-section elementor-element elementor-element-8f66774 elementor-section-boxed elementor-section-height-default elementor-section-height-default\" data-id=\"8f66774\" data-element_type=\"section\">\n\t\t\t\t\t\t<div class=\"elementor-container elementor-column-gap-default\">\n\t\t\t\t\t\t\t<div class=\"elementor-row\">\n\t\t\t\t\t<div class=\"elementor-column elementor-col-100 elementor-top-column elementor-element elementor-element-504a65b\" data-id=\"504a65b\" data-element_type=\"column\">\n\t\t\t<div class=\"elementor-column-wrap elementor-element-populated\">\n\t\t\t\t\t\t\t<div class=\"elementor-widget-wrap\">\n\t\t\t\t\t\t<div class=\"elementor-element elementor-element-60f8c06 elementor-widget elementor-widget-text-editor\" data-id=\"60f8c06\" data-element_type=\"widget\" data-widget_type=\"text-editor.default\">\n\t\t\t\t<div class=\"elementor-widget-container\">\n\t\t\t\t\t<div class=\"elementor-text-editor elementor-clearfix\"><p><a href=\"https:\/\/www.univ.edu.dj\/ace1\/wp-content\/uploads\/2022\/08\/TDR_Consultant_Supervision_Hangar.pdf\" target=\"_blank\" rel=\"noopener\"><strong>T\u00e9l\u00e9charger le <\/strong><strong>TDR Consultant Supervision Hangar<\/strong><\/a>.<\/p><\/div>\n\t\t\t\t<\/div>\n\t\t\t\t<\/div>\n\t\t\t\t\t\t<\/div>\n\t\t\t\t\t<\/div>\n\t\t<\/div>\n\t\t\t\t\t\t\t\t<\/div>\n\t\t\t\t\t<\/div>\n\t\t<\/section>\n\t\t\t\t<section class=\"elementor-section elementor-top-section elementor-element elementor-element-dd86167 elementor-section-boxed elementor-section-height-default elementor-section-height-default\" data-id=\"dd86167\" data-element_type=\"section\">\n\t\t\t\t\t\t<div class=\"elementor-container elementor-column-gap-default\">\n\t\t\t\t\t\t\t<div class=\"elementor-row\">\n\t\t\t\t\t<div class=\"elementor-column elementor-col-100 elementor-top-column elementor-element elementor-element-69c9f13\" data-id=\"69c9f13\" data-element_type=\"column\">\n\t\t\t<div class=\"elementor-column-wrap elementor-element-populated\">\n\t\t\t\t\t\t\t<div class=\"elementor-widget-wrap\">\n\t\t\t\t\t\t<div class=\"elementor-element elementor-element-63210a9 elementor-widget elementor-widget-text-editor\" data-id=\"63210a9\" data-element_type=\"widget\" data-widget_type=\"text-editor.default\">\n\t\t\t\t<div class=\"elementor-widget-container\">\n\t\t\t\t\t<div class=\"elementor-text-editor elementor-clearfix\"><p><a href=\"https:\/\/www.univ.edu.dj\/ace1\/wp-content\/uploads\/2025\/07\/Contrat_Travaux_de_construction_Hangar_devis_quantitatif_CEALT-1-138-1_compressed.pdf\" target=\"_blank\" rel=\"noopener\"><strong>T\u00e9l\u00e9charger le contrat relatif au travaux de construction du hangar avec le devis quantitatif.<\/strong><\/a><\/p><\/div>\n\t\t\t\t<\/div>\n\t\t\t\t<\/div>\n\t\t\t\t\t\t<\/div>\n\t\t\t\t\t<\/div>\n\t\t<\/div>\n\t\t\t\t\t\t\t\t<\/div>\n\t\t\t\t\t<\/div>\n\t\t<\/section>\n\t\t\t\t<section class=\"elementor-section elementor-top-section elementor-element elementor-element-1c8f2cf elementor-section-boxed elementor-section-height-default elementor-section-height-default\" data-id=\"1c8f2cf\" data-element_type=\"section\">\n\t\t\t\t\t\t<div class=\"elementor-container elementor-column-gap-default\">\n\t\t\t\t\t\t\t<div class=\"elementor-row\">\n\t\t\t\t\t<div class=\"elementor-column elementor-col-100 elementor-top-column elementor-element elementor-element-f491e2e\" data-id=\"f491e2e\" data-element_type=\"column\">\n\t\t\t<div class=\"elementor-column-wrap elementor-element-populated\">\n\t\t\t\t\t\t\t<div class=\"elementor-widget-wrap\">\n\t\t\t\t\t\t<div class=\"elementor-element elementor-element-64a0c6f elementor-widget elementor-widget-text-editor\" data-id=\"64a0c6f\" data-element_type=\"widget\" data-widget_type=\"text-editor.default\">\n\t\t\t\t<div class=\"elementor-widget-container\">\n\t\t\t\t\t<div class=\"elementor-text-editor elementor-clearfix\"><p><a href=\"https:\/\/www.univ.edu.dj\/ace1\/wp-content\/uploads\/2022\/08\/TDR_charge_des_protections_environnementales_et_sociales.pdf\" target=\"_blank\" rel=\"noopener\"><strong>T\u00e9l\u00e9charger le TDR charg\u00e9 des protections environnementales et sociales.<\/strong><\/a><\/p><\/div>\n\t\t\t\t<\/div>\n\t\t\t\t<\/div>\n\t\t\t\t\t\t<\/div>\n\t\t\t\t\t<\/div>\n\t\t<\/div>\n\t\t\t\t\t\t\t\t<\/div>\n\t\t\t\t\t<\/div>\n\t\t<\/section>\n\t\t\t\t<section class=\"elementor-section elementor-top-section elementor-element elementor-element-20761fb elementor-section-boxed elementor-section-height-default elementor-section-height-default\" data-id=\"20761fb\" data-element_type=\"section\">\n\t\t\t\t\t\t<div class=\"elementor-container elementor-column-gap-default\">\n\t\t\t\t\t\t\t<div class=\"elementor-row\">\n\t\t\t\t\t<div class=\"elementor-column elementor-col-100 elementor-top-column elementor-element elementor-element-76a39f8\" data-id=\"76a39f8\" data-element_type=\"column\">\n\t\t\t<div class=\"elementor-column-wrap elementor-element-populated\">\n\t\t\t\t\t\t\t<div class=\"elementor-widget-wrap\">\n\t\t\t\t\t\t<div class=\"elementor-element elementor-element-7af46d4 elementor-widget elementor-widget-text-editor\" data-id=\"7af46d4\" data-element_type=\"widget\" data-widget_type=\"text-editor.default\">\n\t\t\t\t<div class=\"elementor-widget-container\">\n\t\t\t\t\t<div class=\"elementor-text-editor elementor-clearfix\"><p><strong><a href=\"https:\/\/www.univ.edu.dj\/ace1\/wp-content\/uploads\/2022\/08\/Contrat_du_consultant_Sauvegarde_et_environnemental.pdf\" target=\"_blank\" rel=\"noopener\">T\u00e9l\u00e9charger le contrat du consultant sauvegarde et environnemental.<\/a><\/strong><\/p><\/div>\n\t\t\t\t<\/div>\n\t\t\t\t<\/div>\n\t\t\t\t\t\t<\/div>\n\t\t\t\t\t<\/div>\n\t\t<\/div>\n\t\t\t\t\t\t\t\t<\/div>\n\t\t\t\t\t<\/div>\n\t\t<\/section>\n\t\t\t\t<section class=\"elementor-section elementor-top-section elementor-element elementor-element-b6130a5 elementor-section-boxed elementor-section-height-default elementor-section-height-default\" data-id=\"b6130a5\" data-element_type=\"section\">\n\t\t\t\t\t\t<div class=\"elementor-container elementor-column-gap-default\">\n\t\t\t\t\t\t\t<div class=\"elementor-row\">\n\t\t\t\t\t<div class=\"elementor-column elementor-col-100 elementor-top-column elementor-element elementor-element-492e47b\" data-id=\"492e47b\" data-element_type=\"column\">\n\t\t\t<div class=\"elementor-column-wrap elementor-element-populated\">\n\t\t\t\t\t\t\t<div class=\"elementor-widget-wrap\">\n\t\t\t\t\t\t<div class=\"elementor-element elementor-element-e37b7da elementor-widget elementor-widget-text-editor\" data-id=\"e37b7da\" data-element_type=\"widget\" data-widget_type=\"text-editor.default\">\n\t\t\t\t<div class=\"elementor-widget-container\">\n\t\t\t\t\t<div class=\"elementor-text-editor elementor-clearfix\"><p><a href=\"https:\/\/www.univ.edu.dj\/ace1\/wp-content\/uploads\/2022\/08\/Auto_certification_sur_les_reglementations_institutionnelles_de_passation_des_marches.pdf\" target=\"_blank\" rel=\"noopener\"><strong>T\u00e9l\u00e9charger l&rsquo;auto-certification sur les r\u00e9glementations institutionnelles de passation des march\u00e9s.<\/strong><\/a><\/p><\/div>\n\t\t\t\t<\/div>\n\t\t\t\t<\/div>\n\t\t\t\t\t\t<\/div>\n\t\t\t\t\t<\/div>\n\t\t<\/div>\n\t\t\t\t\t\t\t\t<\/div>\n\t\t\t\t\t<\/div>\n\t\t<\/section>\n\t\t\t\t<section class=\"elementor-section elementor-top-section elementor-element elementor-element-52352ce elementor-section-boxed elementor-section-height-default elementor-section-height-default\" data-id=\"52352ce\" data-element_type=\"section\">\n\t\t\t\t\t\t<div class=\"elementor-container elementor-column-gap-default\">\n\t\t\t\t\t\t\t<div class=\"elementor-row\">\n\t\t\t\t\t<div class=\"elementor-column elementor-col-100 elementor-top-column elementor-element elementor-element-e90de0f\" data-id=\"e90de0f\" data-element_type=\"column\">\n\t\t\t<div class=\"elementor-column-wrap elementor-element-populated\">\n\t\t\t\t\t\t\t<div class=\"elementor-widget-wrap\">\n\t\t\t\t\t\t<div class=\"elementor-element elementor-element-0eb5c95 elementor-widget elementor-widget-text-editor\" data-id=\"0eb5c95\" data-element_type=\"widget\" data-widget_type=\"text-editor.default\">\n\t\t\t\t<div class=\"elementor-widget-container\">\n\t\t\t\t\t<div class=\"elementor-text-editor elementor-clearfix\"><p><strong><a href=\"https:\/\/www.univ.edu.dj\/ace1\/wp-content\/uploads\/2022\/08\/Rapport_devaluation_des_offres_validees_par_le_CNMP.pdf\" target=\"_blank\" rel=\"noopener\">T\u00e9l\u00e9charger le rapport d&rsquo;\u00e9valuation des offres valid\u00e9es par le CNMP.<\/a><\/strong><\/p><\/div>\n\t\t\t\t<\/div>\n\t\t\t\t<\/div>\n\t\t\t\t\t\t<\/div>\n\t\t\t\t\t<\/div>\n\t\t<\/div>\n\t\t\t\t\t\t\t\t<\/div>\n\t\t\t\t\t<\/div>\n\t\t<\/section>\n\t\t\t\t<section class=\"elementor-section elementor-top-section elementor-element elementor-element-13ac868 elementor-section-boxed elementor-section-height-default elementor-section-height-default\" data-id=\"13ac868\" data-element_type=\"section\">\n\t\t\t\t\t\t<div class=\"elementor-container elementor-column-gap-default\">\n\t\t\t\t\t\t\t<div class=\"elementor-row\">\n\t\t\t\t\t<div class=\"elementor-column elementor-col-100 elementor-top-column elementor-element elementor-element-94d01aa\" data-id=\"94d01aa\" data-element_type=\"column\">\n\t\t\t<div class=\"elementor-column-wrap elementor-element-populated\">\n\t\t\t\t\t\t\t<div class=\"elementor-widget-wrap\">\n\t\t\t\t\t\t<div class=\"elementor-element elementor-element-bd1d6a6 elementor-widget elementor-widget-text-editor\" data-id=\"bd1d6a6\" data-element_type=\"widget\" data-widget_type=\"text-editor.default\">\n\t\t\t\t<div class=\"elementor-widget-container\">\n\t\t\t\t\t<div class=\"elementor-text-editor elementor-clearfix\"><p><strong><a href=\"https:\/\/www.univ.edu.dj\/ace1\/wp-content\/uploads\/2022\/08\/DAO_Travaux_de_Construction_du_Hangar_CEALT_RV_BM_CEALT_23_04_22.pdf\" target=\"_blank\" rel=\"noopener\">T\u00e9l\u00e9charger le DAO des travaux de construction du hangar.<\/a><\/strong><\/p><\/div>\n\t\t\t\t<\/div>\n\t\t\t\t<\/div>\n\t\t\t\t\t\t<\/div>\n\t\t\t\t\t<\/div>\n\t\t<\/div>\n\t\t\t\t\t\t\t\t<\/div>\n\t\t\t\t\t<\/div>\n\t\t<\/section>\n\t\t\t\t\t\t<\/div>\n\t\t\t\t\t\t<\/div>\n\t\t\t\t\t<\/div>\n\t\t","protected":false},"excerpt":{"rendered":"<p>Ensemble des documents relatifs au travaux de construction d\u2019un hangar pour le Centred\u2019Excellence Africain pour la Logistique et le Transport T\u00e9l\u00e9charger le TDR Consultant Supervision Hangar. T\u00e9l\u00e9charger le contrat relatif au travaux de construction du hangar avec le devis quantitatif. T\u00e9l\u00e9charger le TDR charg\u00e9 des protections environnementales et sociales. T\u00e9l\u00e9charger&hellip;<\/p>\n","protected":false},"author":1,"featured_media":0,"parent":0,"menu_order":0,"comment_status":"closed","ping_status":"closed","template":"","meta":[],"_links":{"self":[{"href":"https:\/\/www.univ.edu.dj\/ace1\/index.php?rest_route=\/wp\/v2\/pages\/1800"}],"collection":[{"href":"https:\/\/www.univ.edu.dj\/ace1\/index.php?rest_route=\/wp\/v2\/pages"}],"about":[{"href":"https:\/\/www.univ.edu.dj\/ace1\/index.php?rest_route=\/wp\/v2\/types\/page"}],"author":[{"embeddable":true,"href":"https:\/\/www.univ.edu.dj\/ace1\/index.php?rest_route=\/wp\/v2\/users\/1"}],"replies":[{"embeddable":true,"href":"https:\/\/www.univ.edu.dj\/ace1\/index.php?rest_route=%2Fwp%2Fv2%2Fcomments&post=1800"}],"version-history":[{"count":31,"href":"https:\/\/www.univ.edu.dj\/ace1\/index.php?rest_route=\/wp\/v2\/pages\/1800\/revisions"}],"predecessor-version":[{"id":2608,"href":"https:\/\/www.univ.edu.dj\/ace1\/index.php?rest_route=\/wp\/v2\/pages\/1800\/revisions\/2608"}],"wp:attachment":[{"href":"https:\/\/www.univ.edu.dj\/ace1\/index.php?rest_route=%2Fwp%2Fv2%2Fmedia&parent=1800"}],"curies":[{"name":"wp","href":"https:\/\/api.w.org\/{rel}","templated":true}]}}