{"id":1889,"date":"2023-03-26T08:02:19","date_gmt":"2023-03-26T06:02:19","guid":{"rendered":"https:\/\/www.univ.edu.dj\/ace1\/?page_id=1889"},"modified":"2023-03-30T12:45:24","modified_gmt":"2023-03-30T10:45:24","slug":"jalon-1-du-celt","status":"publish","type":"page","link":"https:\/\/www.univ.edu.dj\/ace1\/?page_id=1889","title":{"rendered":"Jalon 1 du CEALT"},"content":{"rendered":"\n<p><a href=\"https:\/\/www.univ.edu.dj\/ace1\/wp-content\/uploads\/2023\/03\/Auto-certification-sur-les-reglementations-institutionnelles-avec-compression.pdf\" target=\"_blank\" rel=\"noreferrer noopener\">Auto-certification sur les r\u00e9glementations institutionnelles<\/a><\/p>\n\n\n\n<p><a href=\"https:\/\/www.univ.edu.dj\/ace1\/wp-content\/uploads\/2023\/03\/Contrat-Vehicule-4X4_compressed-1.pdf\" target=\"_blank\" rel=\"noreferrer noopener\">Contrat V\u00e9hicule 4X4<\/a><\/p>\n\n\n\n<p><a href=\"https:\/\/www.univ.edu.dj\/ace1\/wp-content\/uploads\/2023\/03\/Contrat-Ouvrages-bibliotheque_compressed.pdf\" target=\"_blank\" rel=\"noreferrer noopener\">Contrat Ouvrages biblioth\u00e8que<\/a><\/p>\n\n\n\n<p><a href=\"https:\/\/www.univ.edu.dj\/ace1\/wp-content\/uploads\/2023\/03\/Contrat-equipements-mobilier_compressed.pdf\" target=\"_blank\" rel=\"noreferrer noopener\">Contrat \u00e9quipements mobilier<\/a><\/p>\n\n\n\n<p><a href=\"https:\/\/www.univ.edu.dj\/ace1\/wp-content\/uploads\/2023\/03\/Contrat-equipements-numeriques-et-logiciels_compressed.pdf\" target=\"_blank\" rel=\"noreferrer noopener\">Contrat \u00e9quipements num\u00e9riques et logiciels<\/a><\/p>\n\n\n\n<p><a href=\"https:\/\/www.univ.edu.dj\/ace1\/wp-content\/uploads\/2023\/03\/DAO-Equipements-mobilier-numerique-ouvrages-et-logiciels_compressed.pdf\" target=\"_blank\" rel=\"noreferrer noopener\">DAO Equipements mobilier, num\u00e9rique, ouvrages et logiciels<\/a><\/p>\n\n\n\n<p><a href=\"https:\/\/www.univ.edu.dj\/ace1\/wp-content\/uploads\/2023\/03\/FACTURE-dachat-des-vehicules.pdf\" target=\"_blank\" rel=\"noreferrer noopener\">FACTURE d&rsquo;achat des v\u00e9hicules<\/a><\/p>\n\n\n\n<p><a href=\"https:\/\/www.univ.edu.dj\/ace1\/wp-content\/uploads\/2023\/03\/Liste-des-equipements-du-Jalon-1-du-CELT-passe-par-la-commission-de-Mercredi-15-Fevrier-2023.pdf\" target=\"_blank\" rel=\"noreferrer noopener\">Liste des \u00e9quipements du Jalon 1 du CELT pass\u00e9 par la commission de Mercredi 15 F\u00e9vrier 2023<\/a><\/p>\n\n\n\n<p><a href=\"https:\/\/www.univ.edu.dj\/ace1\/wp-content\/uploads\/2023\/03\/Photos-vehicules.pdf\" target=\"_blank\" rel=\"noreferrer noopener\">Photos v\u00e9hicules<\/a><\/p>\n\n\n\n<p><a rel=\"noreferrer noopener\" href=\"https:\/\/www.univ.edu.dj\/ace1\/wp-content\/uploads\/2023\/03\/PV-CNMP-DU-15-FEV-2023-ATTRIBUTION-DES-MARCHES_compressed.pdf\" target=\"_blank\">PV CNMP DU 15 FEV 2023 &#8211; ATTRIBUTION DES MARCHES<\/a><\/p>\n\n\n\n<p><a href=\"https:\/\/www.univ.edu.dj\/ace1\/wp-content\/uploads\/2023\/03\/carte-grise_toyota-rush-recto_compressed.pdf\" target=\"_blank\" rel=\"noreferrer noopener\">carte grise_toyota rush (recto)<\/a><\/p>\n\n\n\n<p><a href=\"https:\/\/www.univ.edu.dj\/ace1\/wp-content\/uploads\/2023\/03\/carte-grise_toyota-rush-verso_compressed.pdf\" target=\"_blank\" rel=\"noreferrer noopener\">carte grise_toyota rush (verso)<\/a><\/p>\n\n\n\n<p><a href=\"https:\/\/www.univ.edu.dj\/ace1\/wp-content\/uploads\/2023\/03\/Bon-de-livraison-des-deux-vehicules_compressed.pdf\" target=\"_blank\" rel=\"noreferrer noopener\">Bon de livraison des deux v\u00e9hicules<\/a><\/p>\n\n\n\n<p><a href=\"https:\/\/www.univ.edu.dj\/ace1\/wp-content\/uploads\/2023\/03\/carte-grise_toyota-hardtop-verso_compressed.pdf\" target=\"_blank\" rel=\"noreferrer noopener\">carte grise_toyota hardtop (recto)<\/a><\/p>\n\n\n\n<p><a href=\"https:\/\/www.univ.edu.dj\/ace1\/wp-content\/uploads\/2023\/03\/carte-grise_toyota-hardtop-recto_compressed.pdf\" target=\"_blank\" rel=\"noreferrer noopener\">carte grise_toyota hardtop (verso)<\/a><\/p>\n\n\n\n<p><a href=\"https:\/\/www.univ.edu.dj\/ace1\/wp-content\/uploads\/2023\/03\/Non_objection-pour-les-deux-voitures_compressed.pdf\" target=\"_blank\" rel=\"noreferrer noopener\">Non_objection pour les deux voitures<\/a><\/p>\n\n\n\n<p><a href=\"https:\/\/www.univ.edu.dj\/ace1\/wp-content\/uploads\/2023\/03\/pv-de-negociation_compressed.pdf\" target=\"_blank\" rel=\"noreferrer noopener\">pv de n\u00e9gociation<\/a><\/p>\n\n\n\n<p><\/p>\n","protected":false},"excerpt":{"rendered":"<p>Auto-certification sur les r\u00e9glementations institutionnelles Contrat V\u00e9hicule 4X4 Contrat Ouvrages biblioth\u00e8que Contrat \u00e9quipements mobilier Contrat \u00e9quipements num\u00e9riques et logiciels DAO Equipements mobilier, num\u00e9rique, ouvrages et logiciels FACTURE d&rsquo;achat des v\u00e9hicules Liste des \u00e9quipements du Jalon 1 du CELT pass\u00e9 par la commission de Mercredi 15 F\u00e9vrier 2023 Photos v\u00e9hicules PV&hellip;<\/p>\n","protected":false},"author":1,"featured_media":0,"parent":0,"menu_order":0,"comment_status":"closed","ping_status":"closed","template":"","meta":[],"_links":{"self":[{"href":"https:\/\/www.univ.edu.dj\/ace1\/index.php?rest_route=\/wp\/v2\/pages\/1889"}],"collection":[{"href":"https:\/\/www.univ.edu.dj\/ace1\/index.php?rest_route=\/wp\/v2\/pages"}],"about":[{"href":"https:\/\/www.univ.edu.dj\/ace1\/index.php?rest_route=\/wp\/v2\/types\/page"}],"author":[{"embeddable":true,"href":"https:\/\/www.univ.edu.dj\/ace1\/index.php?rest_route=\/wp\/v2\/users\/1"}],"replies":[{"embeddable":true,"href":"https:\/\/www.univ.edu.dj\/ace1\/index.php?rest_route=%2Fwp%2Fv2%2Fcomments&post=1889"}],"version-history":[{"count":4,"href":"https:\/\/www.univ.edu.dj\/ace1\/index.php?rest_route=\/wp\/v2\/pages\/1889\/revisions"}],"predecessor-version":[{"id":1923,"href":"https:\/\/www.univ.edu.dj\/ace1\/index.php?rest_route=\/wp\/v2\/pages\/1889\/revisions\/1923"}],"wp:attachment":[{"href":"https:\/\/www.univ.edu.dj\/ace1\/index.php?rest_route=%2Fwp%2Fv2%2Fmedia&parent=1889"}],"curies":[{"name":"wp","href":"https:\/\/api.w.org\/{rel}","templated":true}]}}