{"id":2023,"date":"2023-06-21T09:06:08","date_gmt":"2023-06-21T07:06:08","guid":{"rendered":"https:\/\/www.univ.edu.dj\/ace1\/?page_id=2023"},"modified":"2023-06-26T09:11:30","modified_gmt":"2023-06-26T07:11:30","slug":"jalon-2-celt","status":"publish","type":"page","link":"https:\/\/www.univ.edu.dj\/ace1\/?page_id=2023","title":{"rendered":"Jalon 2 CELT"},"content":{"rendered":"\n<p><a href=\"https:\/\/www.univ.edu.dj\/ace1\/wp-content\/uploads\/2023\/06\/Rapport-devaluation-des-offres-Acquisition-des-equipements-Visioconference-1_compressed-1.pdf\" target=\"_blank\" rel=\"noreferrer noopener\">Rapport d&rsquo;\u00e9valuation des offres &#8211; Acquisition des \u00e9quipements Visioconf\u00e9rence<\/a><\/p>\n\n\n\n<p><a href=\"https:\/\/www.univ.edu.dj\/ace1\/wp-content\/uploads\/2023\/06\/auto-certification-sur-les-reglementattions-institutionnelles-de-passation-des-marches.pdf\" target=\"_blank\" rel=\"noreferrer noopener\">Auto certification sur les r\u00e8glementations institutionnelles de passation des march\u00e9s<\/a><\/p>\n\n\n\n<p><a href=\"https:\/\/www.univ.edu.dj\/ace1\/wp-content\/uploads\/2023\/06\/Rapport-devaluation-des-offres-Acquisition-des-equipements-numeriques-pour-la-mise-en-place-dun-smart-Lab-et-dun-I-LAB-pour-lIUTT_compressed.pdf\" target=\"_blank\" rel=\"noreferrer noopener\">Rapport d&rsquo;\u00e9valuation des offres &#8211; Acquisition des \u00e9quipements num\u00e9riques pour la mise en place d&rsquo;un smart Lab et d&rsquo;un I-LAB pour l&rsquo;IUTT<\/a><\/p>\n\n\n\n<p><a href=\"https:\/\/www.univ.edu.dj\/ace1\/wp-content\/uploads\/2023\/06\/Proces-Verbal-dattribution-du-marche-Acquisition-des-equipements-visioconference_compressed.pdf\" target=\"_blank\" rel=\"noreferrer noopener\">Proc\u00e8s-Verbal d&rsquo;attribution du march\u00e9 &#8211; Acquisition des \u00e9quipements visioconf\u00e9rence<\/a><\/p>\n\n\n\n<p><a href=\"https:\/\/www.univ.edu.dj\/ace1\/wp-content\/uploads\/2023\/06\/Proces-Verbal-de-la-commission-Acquisition-des-equipements-numeriques-pour-la-mise-en-place-dun-smart-Lab-et-dun-I-LAB-pour-lIUTT_compressed.pdf\" target=\"_blank\" rel=\"noreferrer noopener\">Proc\u00e8s Verbal de la commission &#8211; Acquisition des \u00e9quipements num\u00e9riques pour la mise en place d&rsquo;un smart Lab et d&rsquo;un I-LAB pour l&rsquo;IUTT<\/a><\/p>\n\n\n\n<p><a href=\"https:\/\/www.univ.edu.dj\/ace1\/wp-content\/uploads\/2023\/06\/Contrat-de-fournitures-Acquisition-des-equipements-visioconference-1_compressed.pdf\" target=\"_blank\" rel=\"noreferrer noopener\">Contrat de fournitures &#8211; Acquisition des \u00e9quipements visioconf\u00e9rence <\/a><\/p>\n\n\n\n<p><a href=\"https:\/\/www.univ.edu.dj\/ace1\/wp-content\/uploads\/2023\/06\/DAON-Equipement-Numeriques-Smart-Lab-et-dun-I-Lab-pour-IUTT.pdf\" target=\"_blank\" rel=\"noreferrer noopener\">DAON Equipement Num\u00e9riques Smart &#8211; Lab et d&rsquo;un I-Lab pour IUTT<\/a><\/p>\n\n\n\n<p><a rel=\"noreferrer noopener\" href=\"https:\/\/www.univ.edu.dj\/ace1\/wp-content\/uploads\/2023\/06\/lettre-de-cotation-equipements-dIlabSmartlab..pdf\" target=\"_blank\">lettre de cotation &#8211; \u00e9quipements I-lab &amp; Smart Lab<\/a><\/p>\n\n\n\n<p><a href=\"https:\/\/www.univ.edu.dj\/ace1\/wp-content\/uploads\/2023\/06\/Contrat-acquisition-des-equipements-I-lab-pour-linstitut-Universitaire-et-Technologie-Tertiaire-IUT-T.pdf\" target=\"_blank\" rel=\"noreferrer noopener\">Contrat acquisition des \u00e9quipements I-lab pour l&rsquo;institut Universitaire et Technologie Tertiaire (IUT-T)<\/a><\/p>\n\n\n\n<p><a rel=\"noreferrer noopener\" href=\"https:\/\/www.univ.edu.dj\/ace1\/wp-content\/uploads\/2023\/06\/Contrat-acquisition-des-equipements-Smart-Lab-pour-linstitut-Universitaire-et-Technologie-Tertiaire-IUT-T.pdf\" target=\"_blank\">Contrat acquisition des \u00e9quipements Smart-Lab pour l&rsquo;institut Universitaire et Technologie Tertiaire (IUT-T)<\/a><\/p>\n\n\n\n<p><a href=\"https:\/\/www.univ.edu.dj\/ace1\/wp-content\/uploads\/2023\/06\/Lettre-de-cotation-accuse-de-reception-1.pdf\" target=\"_blank\" rel=\"noreferrer noopener\">Lettre de cotation &#8211; Accus\u00e9 de r\u00e9ception<\/a><\/p>\n\n\n\n<p><\/p>\n","protected":false},"excerpt":{"rendered":"<p>Rapport d&rsquo;\u00e9valuation des offres &#8211; Acquisition des \u00e9quipements Visioconf\u00e9rence Auto certification sur les r\u00e8glementations institutionnelles de passation des march\u00e9s Rapport d&rsquo;\u00e9valuation des offres &#8211; Acquisition des \u00e9quipements num\u00e9riques pour la mise en place d&rsquo;un smart Lab et d&rsquo;un I-LAB pour l&rsquo;IUTT Proc\u00e8s-Verbal d&rsquo;attribution du march\u00e9 &#8211; Acquisition des \u00e9quipements visioconf\u00e9rence&hellip;<\/p>\n","protected":false},"author":1,"featured_media":0,"parent":0,"menu_order":0,"comment_status":"closed","ping_status":"closed","template":"","meta":[],"_links":{"self":[{"href":"https:\/\/www.univ.edu.dj\/ace1\/index.php?rest_route=\/wp\/v2\/pages\/2023"}],"collection":[{"href":"https:\/\/www.univ.edu.dj\/ace1\/index.php?rest_route=\/wp\/v2\/pages"}],"about":[{"href":"https:\/\/www.univ.edu.dj\/ace1\/index.php?rest_route=\/wp\/v2\/types\/page"}],"author":[{"embeddable":true,"href":"https:\/\/www.univ.edu.dj\/ace1\/index.php?rest_route=\/wp\/v2\/users\/1"}],"replies":[{"embeddable":true,"href":"https:\/\/www.univ.edu.dj\/ace1\/index.php?rest_route=%2Fwp%2Fv2%2Fcomments&post=2023"}],"version-history":[{"count":4,"href":"https:\/\/www.univ.edu.dj\/ace1\/index.php?rest_route=\/wp\/v2\/pages\/2023\/revisions"}],"predecessor-version":[{"id":2051,"href":"https:\/\/www.univ.edu.dj\/ace1\/index.php?rest_route=\/wp\/v2\/pages\/2023\/revisions\/2051"}],"wp:attachment":[{"href":"https:\/\/www.univ.edu.dj\/ace1\/index.php?rest_route=%2Fwp%2Fv2%2Fmedia&parent=2023"}],"curies":[{"name":"wp","href":"https:\/\/api.w.org\/{rel}","templated":true}]}}