{"id":2083,"date":"2023-10-25T10:32:53","date_gmt":"2023-10-25T08:32:53","guid":{"rendered":"https:\/\/www.univ.edu.dj\/ace1\/?page_id=2083"},"modified":"2023-10-26T11:20:21","modified_gmt":"2023-10-26T09:20:21","slug":"jalon-6-celt","status":"publish","type":"page","link":"https:\/\/www.univ.edu.dj\/ace1\/?page_id=2083","title":{"rendered":"Jalon 6 CELT"},"content":{"rendered":"\n<p><a rel=\"noreferrer noopener\" href=\"https:\/\/www.univ.edu.dj\/ace1\/wp-content\/uploads\/2023\/10\/Acquisition-des-ouvrages-de-la-biblotheque_compressed.pdf\" target=\"_blank\">Acquisition des ouvrages de la biblioth\u00e8que<\/a><\/p>\n\n\n\n<p><a rel=\"noreferrer noopener\" href=\"https:\/\/www.univ.edu.dj\/ace1\/wp-content\/uploads\/2023\/10\/Acquisition-des-logiciels.pdf\" target=\"_blank\">Acquisition des logiciels<\/a><\/p>\n\n\n\n<p><a rel=\"noreferrer noopener\" href=\"https:\/\/www.univ.edu.dj\/ace1\/wp-content\/uploads\/2023\/10\/Photos-Acquisitions-Livres-et-materiels-pour-la-bibliotheque.pdf\" target=\"_blank\">Photos Acquisitions Livres et mat\u00e9riels pour la biblioth\u00e8que<\/a><\/p>\n","protected":false},"excerpt":{"rendered":"<p>Acquisition des ouvrages de la biblioth\u00e8que Acquisition des logiciels Photos Acquisitions Livres et mat\u00e9riels pour la biblioth\u00e8que<\/p>\n","protected":false},"author":1,"featured_media":0,"parent":0,"menu_order":0,"comment_status":"closed","ping_status":"closed","template":"","meta":[],"_links":{"self":[{"href":"https:\/\/www.univ.edu.dj\/ace1\/index.php?rest_route=\/wp\/v2\/pages\/2083"}],"collection":[{"href":"https:\/\/www.univ.edu.dj\/ace1\/index.php?rest_route=\/wp\/v2\/pages"}],"about":[{"href":"https:\/\/www.univ.edu.dj\/ace1\/index.php?rest_route=\/wp\/v2\/types\/page"}],"author":[{"embeddable":true,"href":"https:\/\/www.univ.edu.dj\/ace1\/index.php?rest_route=\/wp\/v2\/users\/1"}],"replies":[{"embeddable":true,"href":"https:\/\/www.univ.edu.dj\/ace1\/index.php?rest_route=%2Fwp%2Fv2%2Fcomments&post=2083"}],"version-history":[{"count":3,"href":"https:\/\/www.univ.edu.dj\/ace1\/index.php?rest_route=\/wp\/v2\/pages\/2083\/revisions"}],"predecessor-version":[{"id":2107,"href":"https:\/\/www.univ.edu.dj\/ace1\/index.php?rest_route=\/wp\/v2\/pages\/2083\/revisions\/2107"}],"wp:attachment":[{"href":"https:\/\/www.univ.edu.dj\/ace1\/index.php?rest_route=%2Fwp%2Fv2%2Fmedia&parent=2083"}],"curies":[{"name":"wp","href":"https:\/\/api.w.org\/{rel}","templated":true}]}}