{"id":2085,"date":"2023-10-25T10:32:53","date_gmt":"2023-10-25T08:32:53","guid":{"rendered":"https:\/\/www.univ.edu.dj\/ace1\/?page_id=2085"},"modified":"2023-10-26T11:19:42","modified_gmt":"2023-10-26T09:19:42","slug":"jalon-5-celt","status":"publish","type":"page","link":"https:\/\/www.univ.edu.dj\/ace1\/?page_id=2085","title":{"rendered":"Jalon 5  CELT"},"content":{"rendered":"\n<p><a href=\"https:\/\/www.univ.edu.dj\/ace1\/wp-content\/uploads\/2023\/10\/Photos-vehicules.pdf\" target=\"_blank\" rel=\"noreferrer noopener\">Photos v\u00e9hicules<\/a><\/p>\n\n\n\n<p><a href=\"https:\/\/www.univ.edu.dj\/ace1\/wp-content\/uploads\/2023\/10\/Bon-de-livraison-des-deux-vehicules_compressed.pdf\" target=\"_blank\" rel=\"noreferrer noopener\">Bon de livraison des deux v\u00e9hicules<\/a><\/p>\n\n\n\n<p><a href=\"https:\/\/www.univ.edu.dj\/ace1\/wp-content\/uploads\/2023\/10\/Acquisition-des-materiels-numeriques_compressed.pdf\" target=\"_blank\" rel=\"noreferrer noopener\">Acquisition des mat\u00e9riels num\u00e9riques<\/a><\/p>\n\n\n\n<p><a rel=\"noreferrer noopener\" href=\"https:\/\/www.univ.edu.dj\/ace1\/wp-content\/uploads\/2023\/10\/Acquisition-des-mobiliers.pdf\" target=\"_blank\">Acquisition des mobiliers<\/a><\/p>\n\n\n\n<p><a href=\"https:\/\/www.univ.edu.dj\/ace1\/wp-content\/uploads\/2023\/10\/Photos-Acquisitions-Livres-et-materiels-pour-la-bibliotheque.pdf\" target=\"_blank\" rel=\"noreferrer noopener\">Photos Acquisitions Livres et mat\u00e9riels pour la biblioth\u00e8que<\/a><\/p>\n","protected":false},"excerpt":{"rendered":"<p>Photos v\u00e9hicules Bon de livraison des deux v\u00e9hicules Acquisition des mat\u00e9riels num\u00e9riques Acquisition des mobiliers Photos Acquisitions Livres et mat\u00e9riels pour la biblioth\u00e8que<\/p>\n","protected":false},"author":1,"featured_media":0,"parent":0,"menu_order":0,"comment_status":"closed","ping_status":"closed","template":"","meta":[],"_links":{"self":[{"href":"https:\/\/www.univ.edu.dj\/ace1\/index.php?rest_route=\/wp\/v2\/pages\/2085"}],"collection":[{"href":"https:\/\/www.univ.edu.dj\/ace1\/index.php?rest_route=\/wp\/v2\/pages"}],"about":[{"href":"https:\/\/www.univ.edu.dj\/ace1\/index.php?rest_route=\/wp\/v2\/types\/page"}],"author":[{"embeddable":true,"href":"https:\/\/www.univ.edu.dj\/ace1\/index.php?rest_route=\/wp\/v2\/users\/1"}],"replies":[{"embeddable":true,"href":"https:\/\/www.univ.edu.dj\/ace1\/index.php?rest_route=%2Fwp%2Fv2%2Fcomments&post=2085"}],"version-history":[{"count":3,"href":"https:\/\/www.univ.edu.dj\/ace1\/index.php?rest_route=\/wp\/v2\/pages\/2085\/revisions"}],"predecessor-version":[{"id":2106,"href":"https:\/\/www.univ.edu.dj\/ace1\/index.php?rest_route=\/wp\/v2\/pages\/2085\/revisions\/2106"}],"wp:attachment":[{"href":"https:\/\/www.univ.edu.dj\/ace1\/index.php?rest_route=%2Fwp%2Fv2%2Fmedia&parent=2085"}],"curies":[{"name":"wp","href":"https:\/\/api.w.org\/{rel}","templated":true}]}}