{"id":2129,"date":"2023-12-10T07:53:28","date_gmt":"2023-12-10T06:53:28","guid":{"rendered":"https:\/\/www.univ.edu.dj\/ace1\/?page_id=2129"},"modified":"2024-03-28T11:06:20","modified_gmt":"2024-03-28T10:06:20","slug":"jalon-4-coe","status":"publish","type":"page","link":"https:\/\/www.univ.edu.dj\/ace1\/?page_id=2129","title":{"rendered":"Jalon 4 CoE"},"content":{"rendered":"\n<p><a href=\"https:\/\/www.univ.edu.dj\/ace1\/wp-content\/uploads\/2023\/12\/Photos-des-travaux-finis-du-Hangar.pdf\" target=\"_blank\" rel=\"noreferrer noopener\">Travaux finis du Hangar<\/a><\/p>\n\n\n\n<p><a rel=\"noreferrer noopener\" href=\"https:\/\/www.univ.edu.dj\/ace1\/wp-content\/uploads\/2023\/12\/Avenant-du-consultant-charge-de-la-supervision-et-controle-des-travaux_compressed.pdf\" target=\"_blank\">Avenant du consultant charg\u00e9 de la supervision et contr\u00f4le des travaux<\/a><\/p>\n\n\n\n<p><a rel=\"noreferrer noopener\" href=\"https:\/\/www.univ.edu.dj\/ace1\/wp-content\/uploads\/2024\/02\/Proces-verbal-de-reception-provisoire-des-travaux-du-Hangar-acheve_compressed.pdf\" target=\"_blank\">Proc\u00e8s verbal de r\u00e9ception provisoire des travaux du Hangar achev\u00e9<\/a><\/p>\n\n\n\n<p><a href=\"https:\/\/www.univ.edu.dj\/ace1\/wp-content\/uploads\/2024\/03\/Proces-verbal-de-Constatation-de-Levee-de-Reserves.pdf\" target=\"_blank\" rel=\"noreferrer noopener\">Proc\u00e8s-verbal de Constatation de Lev\u00e9e de R\u00e9serves<\/a><\/p>\n","protected":false},"excerpt":{"rendered":"<p>Travaux finis du Hangar Avenant du consultant charg\u00e9 de la supervision et contr\u00f4le des travaux Proc\u00e8s verbal de r\u00e9ception provisoire des travaux du Hangar achev\u00e9 Proc\u00e8s-verbal de Constatation de Lev\u00e9e de R\u00e9serves<\/p>\n","protected":false},"author":1,"featured_media":0,"parent":0,"menu_order":0,"comment_status":"closed","ping_status":"closed","template":"","meta":[],"_links":{"self":[{"href":"https:\/\/www.univ.edu.dj\/ace1\/index.php?rest_route=\/wp\/v2\/pages\/2129"}],"collection":[{"href":"https:\/\/www.univ.edu.dj\/ace1\/index.php?rest_route=\/wp\/v2\/pages"}],"about":[{"href":"https:\/\/www.univ.edu.dj\/ace1\/index.php?rest_route=\/wp\/v2\/types\/page"}],"author":[{"embeddable":true,"href":"https:\/\/www.univ.edu.dj\/ace1\/index.php?rest_route=\/wp\/v2\/users\/1"}],"replies":[{"embeddable":true,"href":"https:\/\/www.univ.edu.dj\/ace1\/index.php?rest_route=%2Fwp%2Fv2%2Fcomments&post=2129"}],"version-history":[{"count":5,"href":"https:\/\/www.univ.edu.dj\/ace1\/index.php?rest_route=\/wp\/v2\/pages\/2129\/revisions"}],"predecessor-version":[{"id":2246,"href":"https:\/\/www.univ.edu.dj\/ace1\/index.php?rest_route=\/wp\/v2\/pages\/2129\/revisions\/2246"}],"wp:attachment":[{"href":"https:\/\/www.univ.edu.dj\/ace1\/index.php?rest_route=%2Fwp%2Fv2%2Fmedia&parent=2129"}],"curies":[{"name":"wp","href":"https:\/\/api.w.org\/{rel}","templated":true}]}}