{"id":2402,"date":"2024-11-24T08:27:16","date_gmt":"2024-11-24T07:27:16","guid":{"rendered":"https:\/\/www.univ.edu.dj\/ace1\/?page_id=2402"},"modified":"2024-11-24T08:57:10","modified_gmt":"2024-11-24T07:57:10","slug":"jalon-4","status":"publish","type":"page","link":"https:\/\/www.univ.edu.dj\/ace1\/?page_id=2402","title":{"rendered":"Jalon 4 CELT"},"content":{"rendered":"\n<ul><li><a rel=\"noreferrer noopener\" href=\"https:\/\/www.univ.edu.dj\/ace1\/wp-content\/uploads\/2024\/11\/Auto-certification-sur-les-reglementations-institutionnelles-de-passation-des-marches-2.pdf\" target=\"_blank\">Auto-certification sur les r\u00e9glementations institutionnelles de passation des march\u00e9s,<\/a><\/li><li><a rel=\"noreferrer noopener\" href=\"https:\/\/www.univ.edu.dj\/ace1\/wp-content\/uploads\/2024\/11\/contrat-espace-vert-1.pdf\" target=\"_blank\">contrat espace vert<\/a><\/li><li><a rel=\"noreferrer noopener\" href=\"https:\/\/www.univ.edu.dj\/ace1\/wp-content\/uploads\/2024\/11\/contrat-lot-2_equipements-pedagogiques-et-de-recherche-1_compressed.pdf\" target=\"_blank\">contrat lot 2 \u00e9quipements p\u00e9dagogiques et de recherche<\/a><\/li><li><a rel=\"noreferrer noopener\" href=\"https:\/\/www.univ.edu.dj\/ace1\/wp-content\/uploads\/2024\/11\/contrat_parking-1.pdf\" target=\"_blank\">contrat parking<\/a><\/li><li><a rel=\"noreferrer noopener\" href=\"https:\/\/www.univ.edu.dj\/ace1\/wp-content\/uploads\/2024\/11\/contrat_preaux-1.pdf\" target=\"_blank\">contrat pr\u00e9aux<\/a><\/li><li><a rel=\"noreferrer noopener\" href=\"https:\/\/www.univ.edu.dj\/ace1\/wp-content\/uploads\/2024\/11\/DAO-fablab-rechercher-pedagogie-simulation-20.12.2023-3-7-1.pdf\" target=\"_blank\">DAO  fablab recherche p\u00e9dagogie simulation<\/a><\/li><li><a rel=\"noreferrer noopener\" href=\"https:\/\/www.univ.edu.dj\/ace1\/wp-content\/uploads\/2024\/11\/lettre-de-cotation_construction-preau.pdf\" target=\"_blank\">lettre de cotation construction pr\u00e9au<\/a><\/li><li><a rel=\"noreferrer noopener\" href=\"https:\/\/www.univ.edu.dj\/ace1\/wp-content\/uploads\/2024\/11\/lettre-de-cotation_parking.pdf\" target=\"_blank\">lettre de cotation parking<\/a><\/li><li><a rel=\"noreferrer noopener\" href=\"https:\/\/www.univ.edu.dj\/ace1\/wp-content\/uploads\/2024\/11\/lettre-de-cotationfiche-comparatif-des-offres_eclairage-1.pdf\" target=\"_blank\">lettre de cotation + fiche comparatif des offres \u00e9clairages<\/a><\/li><li><a rel=\"noreferrer noopener\" href=\"https:\/\/www.univ.edu.dj\/ace1\/wp-content\/uploads\/2024\/11\/lettre-de-cotationfiche-comparatif-des-offres_reservoirs-d-eaux-1.pdf\" target=\"_blank\">lettre de cotation + fiche comparatif des offres r\u00e9servoirs d&rsquo;eaux<\/a><\/li><li><a rel=\"noreferrer noopener\" href=\"https:\/\/www.univ.edu.dj\/ace1\/wp-content\/uploads\/2024\/11\/lettre-de-cotationpv-d-attribution-du-marcherapport-d-evaluation-des-offrescontrat_bancs-1.pdf\" target=\"_blank\">lettre de cotation + pv d&rsquo;attribution du march\u00e9 + rapport d&rsquo;\u00e9valuation des offres + contrat bancs<\/a><\/li><li><a rel=\"noreferrer noopener\" href=\"https:\/\/www.univ.edu.dj\/ace1\/wp-content\/uploads\/2024\/11\/lettre-de-cotationrapport-d-evaluationpv-d-attribution_espace-vert-1.pdf\" target=\"_blank\">lettre de cotation + rapport d&rsquo;\u00e9valuation + pv d&rsquo;attribution espace vert<\/a><\/li><li><a rel=\"noreferrer noopener\" href=\"https:\/\/www.univ.edu.dj\/ace1\/wp-content\/uploads\/2024\/11\/rapport-d-analyse-des-offres_daon-02-1.pdf\" target=\"_blank\">rapport d&rsquo;analyse des offres daon<\/a><\/li><li><a href=\"https:\/\/www.univ.edu.dj\/ace1\/wp-content\/uploads\/2024\/11\/rapport-d-evaluation-des-offres_construction-parking-1.pdf\">rapport d&rsquo;\u00e9valuation des offres de construction parking<\/a><\/li><li><a rel=\"noreferrer noopener\" href=\"https:\/\/www.univ.edu.dj\/ace1\/wp-content\/uploads\/2024\/11\/rapport-d-evaluation-des-offres_preau-1.pdf\" target=\"_blank\">rapport d&rsquo;\u00e9valuation des offres pr\u00e9au<\/a><\/li><li><a href=\"https:\/\/www.univ.edu.dj\/ace1\/wp-content\/uploads\/2024\/11\/PV-CNMP-equipements-pedagogiques-et-de-recherche_CELT.pdf\" target=\"_blank\" rel=\"noreferrer noopener\">PV CNMP \u00e9quipements p\u00e9dagogiques et de recherche CELT<\/a><\/li><\/ul>\n\n\n\n<p><\/p>\n","protected":false},"excerpt":{"rendered":"<p>Auto-certification sur les r\u00e9glementations institutionnelles de passation des march\u00e9s, contrat espace vert contrat lot 2 \u00e9quipements p\u00e9dagogiques et de recherche contrat parking contrat pr\u00e9aux DAO fablab recherche p\u00e9dagogie simulation lettre de cotation construction pr\u00e9au lettre de cotation parking lettre de cotation + fiche comparatif des offres \u00e9clairages lettre de cotation&hellip;<\/p>\n","protected":false},"author":1,"featured_media":0,"parent":0,"menu_order":0,"comment_status":"closed","ping_status":"closed","template":"","meta":[],"_links":{"self":[{"href":"https:\/\/www.univ.edu.dj\/ace1\/index.php?rest_route=\/wp\/v2\/pages\/2402"}],"collection":[{"href":"https:\/\/www.univ.edu.dj\/ace1\/index.php?rest_route=\/wp\/v2\/pages"}],"about":[{"href":"https:\/\/www.univ.edu.dj\/ace1\/index.php?rest_route=\/wp\/v2\/types\/page"}],"author":[{"embeddable":true,"href":"https:\/\/www.univ.edu.dj\/ace1\/index.php?rest_route=\/wp\/v2\/users\/1"}],"replies":[{"embeddable":true,"href":"https:\/\/www.univ.edu.dj\/ace1\/index.php?rest_route=%2Fwp%2Fv2%2Fcomments&post=2402"}],"version-history":[{"count":4,"href":"https:\/\/www.univ.edu.dj\/ace1\/index.php?rest_route=\/wp\/v2\/pages\/2402\/revisions"}],"predecessor-version":[{"id":2441,"href":"https:\/\/www.univ.edu.dj\/ace1\/index.php?rest_route=\/wp\/v2\/pages\/2402\/revisions\/2441"}],"wp:attachment":[{"href":"https:\/\/www.univ.edu.dj\/ace1\/index.php?rest_route=%2Fwp%2Fv2%2Fmedia&parent=2402"}],"curies":[{"name":"wp","href":"https:\/\/api.w.org\/{rel}","templated":true}]}}