{"id":2424,"date":"2024-11-24T08:42:16","date_gmt":"2024-11-24T07:42:16","guid":{"rendered":"https:\/\/www.univ.edu.dj\/ace1\/?page_id=2424"},"modified":"2024-11-24T08:52:26","modified_gmt":"2024-11-24T07:52:26","slug":"jalon-6-coe","status":"publish","type":"page","link":"https:\/\/www.univ.edu.dj\/ace1\/?page_id=2424","title":{"rendered":"Jalon 6 CoE"},"content":{"rendered":"\n<ul><li><a rel=\"noreferrer noopener\" href=\"https:\/\/www.univ.edu.dj\/ace1\/wp-content\/uploads\/2024\/11\/Auto-certification-sur-les-reglementations-institutionnelles-de-passation-des-marches-2-1.pdf\" target=\"_blank\">Auto-certification sur les r\u00e9glementations institutionnelles de passation des march\u00e9s<\/a><\/li><li><a rel=\"noreferrer noopener\" href=\"https:\/\/www.univ.edu.dj\/ace1\/wp-content\/uploads\/2024\/11\/contrat-lot-2_equipements-pedagogiques-et-de-recherche-1_compressed-1.pdf\" target=\"_blank\">contrat lot 2 \u00e9quipements p\u00e9dagogiques et de recherche<\/a><\/li><li><a rel=\"noreferrer noopener\" href=\"https:\/\/www.univ.edu.dj\/ace1\/wp-content\/uploads\/2024\/11\/contrat-lot-3_Acquisition-des-materiels-informatiques-et-de-logiciels-de-recherche-et-de-similation-1.pdf\" target=\"_blank\">contrat lot 3 acquisition des mat\u00e9riels informatiques et de logiciels de recherche et de simulation<\/a><\/li><li><a href=\"https:\/\/www.univ.edu.dj\/ace1\/wp-content\/uploads\/2024\/11\/ilovepdf_merged-1.pdf\" target=\"_blank\" rel=\"noreferrer noopener\">DAO  fablab recherche p\u00e9dagogie simulation <\/a><\/li><li><a rel=\"noreferrer noopener\" href=\"https:\/\/www.univ.edu.dj\/ace1\/wp-content\/uploads\/2024\/11\/PV-CNMP-equipements-pedagogiques-et-de-recherche-et-materiels-informatiques.pdf\" target=\"_blank\">PV-CNMP \u00e9quipements p\u00e9dagogiques et de recherche et mat\u00e9riels informatiques<\/a><\/li><li><a rel=\"noreferrer noopener\" href=\"https:\/\/www.univ.edu.dj\/ace1\/wp-content\/uploads\/2024\/11\/rapport-d-analyse-des-offres_daon-02-1-1.pdf\" target=\"_blank\">rapport d&rsquo;analyse des offres daon <\/a><\/li><\/ul>\n","protected":false},"excerpt":{"rendered":"<p>Auto-certification sur les r\u00e9glementations institutionnelles de passation des march\u00e9s contrat lot 2 \u00e9quipements p\u00e9dagogiques et de recherche contrat lot 3 acquisition des mat\u00e9riels informatiques et de logiciels de recherche et de simulation DAO fablab recherche p\u00e9dagogie simulation PV-CNMP \u00e9quipements p\u00e9dagogiques et de recherche et mat\u00e9riels informatiques rapport d&rsquo;analyse des offres&hellip;<\/p>\n","protected":false},"author":1,"featured_media":0,"parent":0,"menu_order":0,"comment_status":"closed","ping_status":"closed","template":"","meta":[],"_links":{"self":[{"href":"https:\/\/www.univ.edu.dj\/ace1\/index.php?rest_route=\/wp\/v2\/pages\/2424"}],"collection":[{"href":"https:\/\/www.univ.edu.dj\/ace1\/index.php?rest_route=\/wp\/v2\/pages"}],"about":[{"href":"https:\/\/www.univ.edu.dj\/ace1\/index.php?rest_route=\/wp\/v2\/types\/page"}],"author":[{"embeddable":true,"href":"https:\/\/www.univ.edu.dj\/ace1\/index.php?rest_route=\/wp\/v2\/users\/1"}],"replies":[{"embeddable":true,"href":"https:\/\/www.univ.edu.dj\/ace1\/index.php?rest_route=%2Fwp%2Fv2%2Fcomments&post=2424"}],"version-history":[{"count":3,"href":"https:\/\/www.univ.edu.dj\/ace1\/index.php?rest_route=\/wp\/v2\/pages\/2424\/revisions"}],"predecessor-version":[{"id":2438,"href":"https:\/\/www.univ.edu.dj\/ace1\/index.php?rest_route=\/wp\/v2\/pages\/2424\/revisions\/2438"}],"wp:attachment":[{"href":"https:\/\/www.univ.edu.dj\/ace1\/index.php?rest_route=%2Fwp%2Fv2%2Fmedia&parent=2424"}],"curies":[{"name":"wp","href":"https:\/\/api.w.org\/{rel}","templated":true}]}}