{"id":2454,"date":"2024-12-30T09:26:32","date_gmt":"2024-12-30T08:26:32","guid":{"rendered":"https:\/\/www.univ.edu.dj\/ace1\/?page_id=2454"},"modified":"2024-12-30T09:26:32","modified_gmt":"2024-12-30T08:26:32","slug":"mecanisme-de-gestion-des-plaintes-et-des-requetes-mgpr","status":"publish","type":"page","link":"https:\/\/www.univ.edu.dj\/ace1\/?page_id=2454","title":{"rendered":"M\u00e9canisme de Gestion des Plaintes et des Requ\u00eates (MGPR)"},"content":{"rendered":"\n<ol type=\"1\"><li><a>1.&nbsp;&nbsp;&nbsp;&nbsp;&nbsp; INTRODUCTION<\/a><\/li><\/ol>\n\n\n\n<p>Les directives et politiques op\u00e9rationnelles de sauvegardes environnementale et sociale de la Banque mondiale permettent l\u2019int\u00e9gration des consid\u00e9rations environnementales et sociales dans l\u2019\u00e9laboration, la planification et l\u2019ex\u00e9cution des projets de d\u00e9veloppement<strong>.<\/strong><\/p>\n\n\n\n<p>Dans le cadre sp\u00e9cifique du Projet ACE Impact, le gouvernement de Djibouti s\u2019est engag\u00e9, \u00e0 travers un Plan d\u2019Engagement Environnemental et Social (PEES) \u00e0 mettre en \u0153uvre les mesures et actions concr\u00e8tes afin que le Projet soit ex\u00e9cut\u00e9 dans le respect des Normes Environnementales et Sociales (NES) de la Banque mondiale. En particulier, le pr\u00e9sent m\u00e9canisme de gestion des plaintes et des requ\u00eates (MGPR) a \u00e9t\u00e9 \u00e9labor\u00e9 pour \u00eatre conforme aux Normes Environnementales et Sociales (NES) de la Banque Mondiale.<\/p>\n\n\n\n<p>D\u2019apr\u00e8s le classement de la Banque mondiale, le projet ACE-Impact est class\u00e9 \u00ab cat\u00e9gorie B \u00bb, car ses effets n\u00e9fastes sur la population ou les zones d&rsquo;importance environnementale sont limit\u00e9s, sp\u00e9cifiques au site et de nature r\u00e9versibles. Et les mesures d&rsquo;att\u00e9nuation peuvent \u00eatre plus facilement con\u00e7ues et mises en \u0153uvre.<\/p>\n\n\n\n<p><a href=\"https:\/\/www.univ.edu.dj\/ace1\/wp-content\/uploads\/2024\/12\/Mecanisme-de-Gestion-des-Plaintes-et-des-Requetes_Centre-dExcellence-Africain-pour-la-Logistique-et-le-Transport-de-Djibouti-1-1.pdf\" target=\"_blank\" rel=\"noreferrer noopener\">T\u00e9l\u00e9charger la version compl\u00e8te.<\/a><\/p>\n","protected":false},"excerpt":{"rendered":"<p>1.&nbsp;&nbsp;&nbsp;&nbsp;&nbsp; INTRODUCTION Les directives et politiques op\u00e9rationnelles de sauvegardes environnementale et sociale de la Banque mondiale permettent l\u2019int\u00e9gration des consid\u00e9rations environnementales et sociales dans l\u2019\u00e9laboration, la planification et l\u2019ex\u00e9cution des projets de d\u00e9veloppement. Dans le cadre sp\u00e9cifique du Projet ACE Impact, le gouvernement de Djibouti s\u2019est engag\u00e9, \u00e0 travers un&hellip;<\/p>\n","protected":false},"author":1,"featured_media":0,"parent":0,"menu_order":0,"comment_status":"closed","ping_status":"closed","template":"","meta":[],"_links":{"self":[{"href":"https:\/\/www.univ.edu.dj\/ace1\/index.php?rest_route=\/wp\/v2\/pages\/2454"}],"collection":[{"href":"https:\/\/www.univ.edu.dj\/ace1\/index.php?rest_route=\/wp\/v2\/pages"}],"about":[{"href":"https:\/\/www.univ.edu.dj\/ace1\/index.php?rest_route=\/wp\/v2\/types\/page"}],"author":[{"embeddable":true,"href":"https:\/\/www.univ.edu.dj\/ace1\/index.php?rest_route=\/wp\/v2\/users\/1"}],"replies":[{"embeddable":true,"href":"https:\/\/www.univ.edu.dj\/ace1\/index.php?rest_route=%2Fwp%2Fv2%2Fcomments&post=2454"}],"version-history":[{"count":1,"href":"https:\/\/www.univ.edu.dj\/ace1\/index.php?rest_route=\/wp\/v2\/pages\/2454\/revisions"}],"predecessor-version":[{"id":2456,"href":"https:\/\/www.univ.edu.dj\/ace1\/index.php?rest_route=\/wp\/v2\/pages\/2454\/revisions\/2456"}],"wp:attachment":[{"href":"https:\/\/www.univ.edu.dj\/ace1\/index.php?rest_route=%2Fwp%2Fv2%2Fmedia&parent=2454"}],"curies":[{"name":"wp","href":"https:\/\/api.w.org\/{rel}","templated":true}]}}