{"id":2584,"date":"2025-06-23T17:53:27","date_gmt":"2025-06-23T15:53:27","guid":{"rendered":"https:\/\/www.univ.edu.dj\/ace1\/?page_id=2584"},"modified":"2025-06-23T18:27:27","modified_gmt":"2025-06-23T16:27:27","slug":"jalon-8-celt","status":"publish","type":"page","link":"https:\/\/www.univ.edu.dj\/ace1\/?page_id=2584","title":{"rendered":"Jalon 8 CELT"},"content":{"rendered":"\n<ul><li><a href=\"https:\/\/www.univ.edu.dj\/ace1\/wp-content\/uploads\/2025\/06\/Certificat-dachevement-des-travaux-de-renovation_jalon-8-CELT.pdf\" target=\"_blank\" rel=\"noreferrer noopener\">Copie du certificat du Directeur de la maintenance et des actifs de l&rsquo;universit\u00e9 de Djibouti, qui supervise tous les travaux de r\u00e9novation des laboratoires et des espaces \u00e9tudiants, confirmant que les travaux de r\u00e9novation et d&rsquo;am\u00e9nagement ont \u00e9t\u00e9 enti\u00e8rement achev\u00e9s,<\/a>\u00a0<\/li><li><a href=\"https:\/\/www.univ.edu.dj\/ace1\/wp-content\/uploads\/2025\/06\/scan-rapport-dachevement_reamenagements_compressed.pdf\" target=\"_blank\" rel=\"noreferrer noopener\">Copie du rapport d&rsquo;ach\u00e8vement, sign\u00e9 par le directeur du CELT, comprenant : un r\u00e9sum\u00e9 des travaux effectu\u00e9s, les entreprises impliqu\u00e9es, les certificats de r\u00e9ception internes, et les r\u00e9f\u00e9rences aux publications Web associ\u00e9es\u00a0<\/a><\/li><li>Documents prouvant que l&rsquo;\u00e9quipement d&rsquo;enseignement et de recherche a \u00e9t\u00e9 achet\u00e9 et exp\u00e9di\u00e9 (une copie du connaissement (B\/L) pour le transport maritime, une lettre de transport a\u00e9rien pour le transport a\u00e9rien, et des listes de colisage sign\u00e9es par le fournisseur)<ul><li><a rel=\"noreferrer noopener\" href=\"https:\/\/www.univ.edu.dj\/ace1\/wp-content\/uploads\/2025\/06\/Packing-liste-des-equipements-par-voie-maritime_compressed_compressed.pdf\" target=\"_blank\">Document 1<\/a>\u00a0<\/li><li><a rel=\"noreferrer noopener\" href=\"https:\/\/www.univ.edu.dj\/ace1\/wp-content\/uploads\/2025\/06\/packing-list_air-cargo-2_compressed_compressed.pdf\" target=\"_blank\">Document 2<\/a><\/li><li><a rel=\"noreferrer noopener\" href=\"https:\/\/www.univ.edu.dj\/ace1\/wp-content\/uploads\/2025\/06\/packing-list_air-cargo-2_compressed_compressed-1.pdf\" target=\"_blank\">Document 3<\/a><\/li><li><a rel=\"noreferrer noopener\" href=\"https:\/\/www.univ.edu.dj\/ace1\/wp-content\/uploads\/2025\/06\/LTA-AIR-CARGO-1-1.pdf\" target=\"_blank\">Document 4<\/a><\/li><li><a rel=\"noreferrer noopener\" href=\"https:\/\/www.univ.edu.dj\/ace1\/wp-content\/uploads\/2025\/06\/LTA-AIR-CARGO_2-1.pdf\" target=\"_blank\">Document 5<\/a><\/li><li><a rel=\"noreferrer noopener\" href=\"https:\/\/www.univ.edu.dj\/ace1\/wp-content\/uploads\/2025\/06\/master-B-L-7118-1.pdf\" target=\"_blank\">Document 6<\/a><\/li><li><a rel=\"noreferrer noopener\" href=\"https:\/\/www.univ.edu.dj\/ace1\/wp-content\/uploads\/2025\/06\/master-B-L-7708-1.pdf\" target=\"_blank\">Document 7<\/a><\/li><\/ul><\/li><\/ul>\n\n\n\n<ul><li><a rel=\"noreferrer noopener\" href=\"https:\/\/www.univ.edu.dj\/ace1\/wp-content\/uploads\/2025\/06\/Lettre-dengagement_comite-de-pilotage_chef-de-centre-1.pdf\" target=\"_blank\">Copie de la lettre d&rsquo;engagement d&rsquo;installation de l&rsquo;\u00e9quipement sign\u00e9e par le membre du comit\u00e9 de pilotage et le chef de centre\u00a0<\/a>,<\/li><li><a rel=\"noreferrer noopener\" href=\"https:\/\/www.univ.edu.dj\/ace1\/wp-content\/uploads\/2025\/06\/plan-j8CELT.pdf\" target=\"_blank\">Copie du plan d&rsquo;installation des \u00e9quipements publi\u00e9e sur le site web du centre\u00a0,<\/a><\/li><li><a href=\"https:\/\/www.univ.edu.dj\/ace1\/wp-content\/uploads\/2025\/06\/photos-jalon-8-CELT.pdf\" target=\"_blank\" rel=\"noreferrer noopener\">Photos<\/a> <\/li><\/ul>\n","protected":false},"excerpt":{"rendered":"<p>Copie du certificat du Directeur de la maintenance et des actifs de l&rsquo;universit\u00e9 de Djibouti, qui supervise tous les travaux de r\u00e9novation des laboratoires et des espaces \u00e9tudiants, confirmant que les travaux de r\u00e9novation et d&rsquo;am\u00e9nagement ont \u00e9t\u00e9 enti\u00e8rement achev\u00e9s,\u00a0 Copie du rapport d&rsquo;ach\u00e8vement, sign\u00e9 par le directeur du CELT,&hellip;<\/p>\n","protected":false},"author":1,"featured_media":0,"parent":0,"menu_order":0,"comment_status":"closed","ping_status":"closed","template":"","meta":[],"_links":{"self":[{"href":"https:\/\/www.univ.edu.dj\/ace1\/index.php?rest_route=\/wp\/v2\/pages\/2584"}],"collection":[{"href":"https:\/\/www.univ.edu.dj\/ace1\/index.php?rest_route=\/wp\/v2\/pages"}],"about":[{"href":"https:\/\/www.univ.edu.dj\/ace1\/index.php?rest_route=\/wp\/v2\/types\/page"}],"author":[{"embeddable":true,"href":"https:\/\/www.univ.edu.dj\/ace1\/index.php?rest_route=\/wp\/v2\/users\/1"}],"replies":[{"embeddable":true,"href":"https:\/\/www.univ.edu.dj\/ace1\/index.php?rest_route=%2Fwp%2Fv2%2Fcomments&post=2584"}],"version-history":[{"count":3,"href":"https:\/\/www.univ.edu.dj\/ace1\/index.php?rest_route=\/wp\/v2\/pages\/2584\/revisions"}],"predecessor-version":[{"id":2603,"href":"https:\/\/www.univ.edu.dj\/ace1\/index.php?rest_route=\/wp\/v2\/pages\/2584\/revisions\/2603"}],"wp:attachment":[{"href":"https:\/\/www.univ.edu.dj\/ace1\/index.php?rest_route=%2Fwp%2Fv2%2Fmedia&parent=2584"}],"curies":[{"name":"wp","href":"https:\/\/api.w.org\/{rel}","templated":true}]}}