{"id":293,"date":"2020-01-03T21:40:11","date_gmt":"2020-01-03T20:40:11","guid":{"rendered":"http:\/\/www.univ.edu.dj\/ace\/?page_id=293"},"modified":"2020-01-06T09:10:24","modified_gmt":"2020-01-06T08:10:24","slug":"presentation","status":"publish","type":"page","link":"https:\/\/www.univ.edu.dj\/ace1\/?page_id=293","title":{"rendered":"Pr\u00e9sentation"},"content":{"rendered":"\n<p>La R\u00e9publique de\nDjibouti, au carrefour de trois continents est situ\u00e9e sur l\u2019une des routes\nmaritimes les plus fr\u00e9quent\u00e9es au monde, et sur la nouvelle route de la soie\nqui stimule les \u00e9changes depuis et vers la Chine.<\/p>\n\n\n\n<p>Par ailleurs, le CEALT conforte la volont\u00e9 de\nl\u2019Universit\u00e9 de Djibouti d\u2019entamer son objectif de \u00ab&nbsp;mast\u00e9risation&nbsp;\u00bb\nde ses offres de formation et du renforcement de la recherche. <\/p>\n\n\n\n<p>Pour participer plus intensivement au d\u00e9veloppement\nsocio-\u00e9conomique de son pays, qui a l\u2019ambition de devenir un hub logistique\nr\u00e9gional, l\u2019Universit\u00e9 de Djibouti souhaite \u00eatre un acteur de ce d\u00e9veloppement\nen augmentant les comp\u00e9tences pluridisciplinaires qui r\u00e9pondent \u00e0 de r\u00e9els\nbesoins dans le domaine de la logistique et du transport par le transfert des\nconnaissances, et ce, en proposant la r\u00e9alisation d\u2019un \u00ab Centre d\u2019Excellence Africain\nen Logistique et Transport&nbsp; r\u00e9gional&nbsp;\u00bb, CEALT. Ce centre doit\nr\u00e9pondre \u00e0 la\nprobl\u00e9matique de comp\u00e9tences et de qualifications dans le secteur de la\nlogistique par le renforcement des qualifications des ressources\nhumaines via la formation, l\u2019enseignement (formation continue, Master, PhD), la\nrecherche et par ses services rendus \u00e0 la soci\u00e9t\u00e9. L\u2019objectif est d\u2019am\u00e9liorer\nla qualit\u00e9, la quantit\u00e9 et l\u2019impact sur le d\u00e9veloppement des enseignements\npostuniversitaires. Le centre se sp\u00e9cialisera dans le domaine de la logistique,\ndu transport et de la num\u00e9risation appliqu\u00e9e en Afrique.<\/p>\n","protected":false},"excerpt":{"rendered":"<p>La R\u00e9publique de Djibouti, au carrefour de trois continents est situ\u00e9e sur l\u2019une des routes maritimes les plus fr\u00e9quent\u00e9es au monde, et sur la nouvelle route de la soie qui stimule les \u00e9changes depuis et vers la Chine. Par ailleurs, le CEALT conforte la volont\u00e9 de l\u2019Universit\u00e9 de Djibouti d\u2019entamer&hellip;<\/p>\n","protected":false},"author":1,"featured_media":0,"parent":0,"menu_order":0,"comment_status":"closed","ping_status":"closed","template":"","meta":[],"_links":{"self":[{"href":"https:\/\/www.univ.edu.dj\/ace1\/index.php?rest_route=\/wp\/v2\/pages\/293"}],"collection":[{"href":"https:\/\/www.univ.edu.dj\/ace1\/index.php?rest_route=\/wp\/v2\/pages"}],"about":[{"href":"https:\/\/www.univ.edu.dj\/ace1\/index.php?rest_route=\/wp\/v2\/types\/page"}],"author":[{"embeddable":true,"href":"https:\/\/www.univ.edu.dj\/ace1\/index.php?rest_route=\/wp\/v2\/users\/1"}],"replies":[{"embeddable":true,"href":"https:\/\/www.univ.edu.dj\/ace1\/index.php?rest_route=%2Fwp%2Fv2%2Fcomments&post=293"}],"version-history":[{"count":3,"href":"https:\/\/www.univ.edu.dj\/ace1\/index.php?rest_route=\/wp\/v2\/pages\/293\/revisions"}],"predecessor-version":[{"id":374,"href":"https:\/\/www.univ.edu.dj\/ace1\/index.php?rest_route=\/wp\/v2\/pages\/293\/revisions\/374"}],"wp:attachment":[{"href":"https:\/\/www.univ.edu.dj\/ace1\/index.php?rest_route=%2Fwp%2Fv2%2Fmedia&parent=293"}],"curies":[{"name":"wp","href":"https:\/\/api.w.org\/{rel}","templated":true}]}}