{"id":296,"date":"2020-01-03T21:40:12","date_gmt":"2020-01-03T20:40:12","guid":{"rendered":"http:\/\/www.univ.edu.dj\/ace\/?page_id=296"},"modified":"2022-04-14T10:27:13","modified_gmt":"2022-04-14T08:27:13","slug":"notre-equipe","status":"publish","type":"page","link":"https:\/\/www.univ.edu.dj\/ace1\/?page_id=296","title":{"rendered":"Notre \u00e9quipe"},"content":{"rendered":"\n<p><strong>Equipe du projet CEALT<\/strong><\/p>\n\n\n\n<figure class=\"wp-block-table is-style-stripes\"><table><tbody><tr><td><strong>Noms<\/strong><\/td><td><strong>Attribution<\/strong><\/td><\/tr><tr><td><strong>Dr Souleiman Omar Hoch<\/strong><\/td><td>Directeur<\/td><\/tr><tr><td><strong>Mr Gouled Abdi Miganeh<\/strong><\/td><td>Directeur-adjoint<\/td><\/tr><tr><td><strong>Dr Mahmoud Mourad Mahmoud<\/strong><\/td><td>Responsable&nbsp; suivi &amp; \u00e9valuation<\/td><\/tr><tr><td><strong>Dr Moussa Khaireh Soubagleh<\/strong><\/td><td>Charg\u00e9 de mission r\u00e9gional<\/td><\/tr><tr><td><strong>Dr Abdou Idriss Omar<\/strong><\/td><td>Charg\u00e9 de suivi et valorisation d\u2019activit\u00e9 scientifique &amp; recherche<\/td><\/tr><tr><td><strong>Mr Mahmoud Awad Ali<\/strong><\/td><td>Responsable de la&nbsp; Gestion Financi\u00e8re<\/td><\/tr><tr><td><strong>Mr Marwan Mohamed Omar<\/strong><\/td><td>Responsable&nbsp; de passation de march\u00e9<\/td><\/tr><tr><td><strong>Mr Yacoub Farah Hassan<\/strong><\/td><td>Responsable Comptable<\/td><\/tr><tr><td><strong>Mr Hamoud Souleiman Cheik<\/strong><\/td><td>Sp\u00e9cialiste en sauvegarde environnementale &amp; sociale<\/td><\/tr><tr><td><strong>Mme Hodan Ahmed Said<\/strong><\/td><td>Assistante&nbsp; suivi &amp; \u00e9valuation<\/td><\/tr><tr><td><strong>Mme Nelly Aboubaker Bourhan<\/strong><\/td><td>Auditrice Interne<\/td><\/tr><tr><td><strong>Mme Samira Kaleb Mahamoud<\/strong><\/td><td>Assistante&nbsp; en Gestion Financi\u00e8re<\/td><\/tr><tr><td><strong>Mr Mohamed Ali Abdoulkader<\/strong><\/td><td>Responsable&nbsp; Fablab<\/td><\/tr><tr><td><strong>Mr Houssein Mohamed Houssein<\/strong><\/td><td>Responsable&nbsp; Partenariat &amp; Incubateur<\/td><\/tr><tr><td><strong>Mr Ahmed Souleiman Abdallah<\/strong><\/td><td>Responsable de la Communication<\/td><\/tr><tr><td><strong>Mme Bilan Osman Robleh&nbsp;<\/strong><\/td><td>Assistante de Direction<\/td><\/tr><\/tbody><\/table><\/figure>\n\n\n\n<p>  <\/p>\n\n\n\n<p><\/p>\n","protected":false},"excerpt":{"rendered":"<p>Equipe du projet CEALT Noms Attribution Dr Souleiman Omar Hoch Directeur Mr Gouled Abdi Miganeh Directeur-adjoint Dr Mahmoud Mourad Mahmoud Responsable&nbsp; suivi &amp; \u00e9valuation Dr Moussa Khaireh Soubagleh Charg\u00e9 de mission r\u00e9gional Dr Abdou Idriss Omar Charg\u00e9 de suivi et valorisation d\u2019activit\u00e9 scientifique &amp; recherche Mr Mahmoud Awad Ali Responsable&hellip;<\/p>\n","protected":false},"author":1,"featured_media":0,"parent":0,"menu_order":0,"comment_status":"closed","ping_status":"closed","template":"","meta":[],"_links":{"self":[{"href":"https:\/\/www.univ.edu.dj\/ace1\/index.php?rest_route=\/wp\/v2\/pages\/296"}],"collection":[{"href":"https:\/\/www.univ.edu.dj\/ace1\/index.php?rest_route=\/wp\/v2\/pages"}],"about":[{"href":"https:\/\/www.univ.edu.dj\/ace1\/index.php?rest_route=\/wp\/v2\/types\/page"}],"author":[{"embeddable":true,"href":"https:\/\/www.univ.edu.dj\/ace1\/index.php?rest_route=\/wp\/v2\/users\/1"}],"replies":[{"embeddable":true,"href":"https:\/\/www.univ.edu.dj\/ace1\/index.php?rest_route=%2Fwp%2Fv2%2Fcomments&post=296"}],"version-history":[{"count":8,"href":"https:\/\/www.univ.edu.dj\/ace1\/index.php?rest_route=\/wp\/v2\/pages\/296\/revisions"}],"predecessor-version":[{"id":1664,"href":"https:\/\/www.univ.edu.dj\/ace1\/index.php?rest_route=\/wp\/v2\/pages\/296\/revisions\/1664"}],"wp:attachment":[{"href":"https:\/\/www.univ.edu.dj\/ace1\/index.php?rest_route=%2Fwp%2Fv2%2Fmedia&parent=296"}],"curies":[{"name":"wp","href":"https:\/\/api.w.org\/{rel}","templated":true}]}}