{"id":300,"date":"2020-01-03T21:40:12","date_gmt":"2020-01-03T20:40:12","guid":{"rendered":"http:\/\/www.univ.edu.dj\/ace\/?page_id=300"},"modified":"2020-03-08T16:29:54","modified_gmt":"2020-03-08T15:29:54","slug":"laboratoire-gc","status":"publish","type":"page","link":"https:\/\/www.univ.edu.dj\/ace1\/?page_id=300","title":{"rendered":"Laboratoire GC"},"content":{"rendered":"\n<p>Le laboratoire de G\u00e9nie Civil propose une approche\ntr\u00e8s r\u00e9aliste en offrant aux \u00e9tudiants des nouveaux\nsyst\u00e8mes et des machines utilisant des concepts\nindustriels dans le domaine de m\u00e9canique des\nsolides qui touchent l\u2019ing\u00e9nierie des structures, des\nouvrages et des mat\u00e9riaux.\n<\/p>\n\n\n\n<p>Les \u00e9tudes exp\u00e9rimentales sont conduites par\nles \u00e9tudiants et les chercheurs pour comprendre,\nanalyser, et mettre au point de mod\u00e8les th\u00e9oriques\net num\u00e9riques en prenant en compte les couplages\nphysico-m\u00e9caniques et les analyses multi-\u00e9chelles\ndans le domaine du G\u00e9nie Civil.\n<\/p>\n\n\n\n<div class=\"wp-block-image\"><figure class=\"aligncenter is-resized\"><img loading=\"lazy\" src=\"http:\/\/www.univ.edu.dj\/ace1\/wp-content\/uploads\/2020\/03\/image-1.png\" alt=\"\" class=\"wp-image-623\" width=\"368\" height=\"303\"\/><\/figure><\/div>\n","protected":false},"excerpt":{"rendered":"<p>Le laboratoire de G\u00e9nie Civil propose une approche tr\u00e8s r\u00e9aliste en offrant aux \u00e9tudiants des nouveaux syst\u00e8mes et des machines utilisant des concepts industriels dans le domaine de m\u00e9canique des solides qui touchent l\u2019ing\u00e9nierie des structures, des ouvrages et des mat\u00e9riaux. Les \u00e9tudes exp\u00e9rimentales sont conduites par les \u00e9tudiants et&hellip;<\/p>\n","protected":false},"author":1,"featured_media":0,"parent":0,"menu_order":0,"comment_status":"closed","ping_status":"closed","template":"","meta":[],"_links":{"self":[{"href":"https:\/\/www.univ.edu.dj\/ace1\/index.php?rest_route=\/wp\/v2\/pages\/300"}],"collection":[{"href":"https:\/\/www.univ.edu.dj\/ace1\/index.php?rest_route=\/wp\/v2\/pages"}],"about":[{"href":"https:\/\/www.univ.edu.dj\/ace1\/index.php?rest_route=\/wp\/v2\/types\/page"}],"author":[{"embeddable":true,"href":"https:\/\/www.univ.edu.dj\/ace1\/index.php?rest_route=\/wp\/v2\/users\/1"}],"replies":[{"embeddable":true,"href":"https:\/\/www.univ.edu.dj\/ace1\/index.php?rest_route=%2Fwp%2Fv2%2Fcomments&post=300"}],"version-history":[{"count":2,"href":"https:\/\/www.univ.edu.dj\/ace1\/index.php?rest_route=\/wp\/v2\/pages\/300\/revisions"}],"predecessor-version":[{"id":624,"href":"https:\/\/www.univ.edu.dj\/ace1\/index.php?rest_route=\/wp\/v2\/pages\/300\/revisions\/624"}],"wp:attachment":[{"href":"https:\/\/www.univ.edu.dj\/ace1\/index.php?rest_route=%2Fwp%2Fv2%2Fmedia&parent=300"}],"curies":[{"name":"wp","href":"https:\/\/api.w.org\/{rel}","templated":true}]}}