{"id":301,"date":"2020-01-03T21:40:12","date_gmt":"2020-01-03T20:40:12","guid":{"rendered":"http:\/\/www.univ.edu.dj\/ace\/?page_id=301"},"modified":"2020-03-08T16:32:52","modified_gmt":"2020-03-08T15:32:52","slug":"laboratoire-ge","status":"publish","type":"page","link":"https:\/\/www.univ.edu.dj\/ace1\/?page_id=301","title":{"rendered":"Laboratoire GE"},"content":{"rendered":"\n<p>Le laboratoire du G\u00e9nie \u00c9lectrique et \u00c9nerg\u00e9tique est\nle principal laboratoire de recherche dans le domaine\ndu G\u00e9nie \u00c9lectrique qui regroupe des comp\u00e9tences\npluridisciplinaires. Le laboratoire s\u2019attache \u00e0 produire\nde nouveaux savoirs autour des probl\u00e9matiques de\nl\u2019\u00e9nergie, des mat\u00e9riaux, des proc\u00e9d\u00e9s et syst\u00e8mes\ninnovants, de la mod\u00e9lisation et la conception. La\nv\u00e9ritable innovation du laboratoire r\u00e9side sur les\ninstruments de mesures intelligents r\u00e9alis\u00e9s par logiciel\nSCADA, y compris Soft SPS.\n<\/p>\n\n\n\n<p>Les \u00e9tudiants et les enseignant chercheurs effectuent\nleurs recherches, testent des strat\u00e9gies de gestion\n\u00e9nerg\u00e9tique et d\u00e9veloppent des nouvelles solutions\npour le r\u00e9seau \u00e9lectrique national (et\/ou r\u00e9gional).\n<\/p>\n\n\n\n<p>Au moyen de ces instruments de mesure dont certains\nsont uniques en leur genre au plan r\u00e9gional, la Facult\u00e9\nd\u2019Ing\u00e9nieurs permet aux futurs ing\u00e9nieurs d\u2019acqu\u00e9rir\nles comp\u00e9tences requises pour l\u2019exercice du m\u00e9tier\nd\u2019ing\u00e9nieur dans les r\u00e9seaux Smart Grid et dans les\n\u00e9nergies renouvelables.\n<\/p>\n\n\n\n<div class=\"wp-block-image\"><figure class=\"aligncenter is-resized\"><img loading=\"lazy\" src=\"http:\/\/www.univ.edu.dj\/ace1\/wp-content\/uploads\/2020\/03\/image-2.png\" alt=\"\" class=\"wp-image-625\" width=\"371\" height=\"179\"\/><\/figure><\/div>\n","protected":false},"excerpt":{"rendered":"<p>Le laboratoire du G\u00e9nie \u00c9lectrique et \u00c9nerg\u00e9tique est le principal laboratoire de recherche dans le domaine du G\u00e9nie \u00c9lectrique qui regroupe des comp\u00e9tences pluridisciplinaires. Le laboratoire s\u2019attache \u00e0 produire de nouveaux savoirs autour des probl\u00e9matiques de l\u2019\u00e9nergie, des mat\u00e9riaux, des proc\u00e9d\u00e9s et syst\u00e8mes innovants, de la mod\u00e9lisation et la conception.&hellip;<\/p>\n","protected":false},"author":1,"featured_media":0,"parent":0,"menu_order":0,"comment_status":"closed","ping_status":"closed","template":"","meta":[],"_links":{"self":[{"href":"https:\/\/www.univ.edu.dj\/ace1\/index.php?rest_route=\/wp\/v2\/pages\/301"}],"collection":[{"href":"https:\/\/www.univ.edu.dj\/ace1\/index.php?rest_route=\/wp\/v2\/pages"}],"about":[{"href":"https:\/\/www.univ.edu.dj\/ace1\/index.php?rest_route=\/wp\/v2\/types\/page"}],"author":[{"embeddable":true,"href":"https:\/\/www.univ.edu.dj\/ace1\/index.php?rest_route=\/wp\/v2\/users\/1"}],"replies":[{"embeddable":true,"href":"https:\/\/www.univ.edu.dj\/ace1\/index.php?rest_route=%2Fwp%2Fv2%2Fcomments&post=301"}],"version-history":[{"count":3,"href":"https:\/\/www.univ.edu.dj\/ace1\/index.php?rest_route=\/wp\/v2\/pages\/301\/revisions"}],"predecessor-version":[{"id":627,"href":"https:\/\/www.univ.edu.dj\/ace1\/index.php?rest_route=\/wp\/v2\/pages\/301\/revisions\/627"}],"wp:attachment":[{"href":"https:\/\/www.univ.edu.dj\/ace1\/index.php?rest_route=%2Fwp%2Fv2%2Fmedia&parent=301"}],"curies":[{"name":"wp","href":"https:\/\/api.w.org\/{rel}","templated":true}]}}