{"id":304,"date":"2020-01-03T21:40:12","date_gmt":"2020-01-03T20:40:12","guid":{"rendered":"http:\/\/www.univ.edu.dj\/ace\/?page_id=304"},"modified":"2020-07-05T23:00:06","modified_gmt":"2020-07-05T21:00:06","slug":"informations","status":"publish","type":"page","link":"https:\/\/www.univ.edu.dj\/ace1\/?page_id=304","title":{"rendered":"Informations"},"content":{"rendered":"\n<div class=\"wp-block-media-text alignwide\"><figure class=\"wp-block-media-text__media\"><img loading=\"lazy\" width=\"1024\" height=\"397\" src=\"http:\/\/www.univ.edu.dj\/ace1\/wp-content\/uploads\/2020\/03\/these1-1024x397.jpeg\" alt=\"\" class=\"wp-image-630\" srcset=\"https:\/\/www.univ.edu.dj\/ace1\/wp-content\/uploads\/2020\/03\/these1-1024x397.jpeg 1024w, https:\/\/www.univ.edu.dj\/ace1\/wp-content\/uploads\/2020\/03\/these1-300x116.jpeg 300w, https:\/\/www.univ.edu.dj\/ace1\/wp-content\/uploads\/2020\/03\/these1-768x298.jpeg 768w, https:\/\/www.univ.edu.dj\/ace1\/wp-content\/uploads\/2020\/03\/these1.jpeg 1738w\" sizes=\"(max-width: 1024px) 100vw, 1024px\" \/><\/figure><div class=\"wp-block-media-text__content\">\n<p class=\"has-small-font-size\">Les donn\u00e9es de comptage multivari\u00e9s r\u00e9sultent de l\u2019observation conjointe de plusieurs variables prenant des valeurs enti\u00e8res (0, 1, 2, &#8230;) parmi les individus d\u2019une population&#8230; <em><a href=\"http:\/\/www.univ.edu.dj\/ace1\/wp-content\/uploads\/2020\/03\/These-01.pdf\" target=\"_blank\" rel=\"noreferrer noopener\" aria-label=\"(suite) (s\u2019ouvre dans un nouvel onglet)\">(suite)<\/a><\/em><\/p>\n<\/div><\/div>\n\n\n\n<div class=\"wp-block-media-text alignwide\"><figure class=\"wp-block-media-text__media\"><img loading=\"lazy\" width=\"1024\" height=\"415\" src=\"http:\/\/www.univ.edu.dj\/ace1\/wp-content\/uploads\/2020\/03\/these2-1024x415.jpeg\" alt=\"\" class=\"wp-image-631\" srcset=\"https:\/\/www.univ.edu.dj\/ace1\/wp-content\/uploads\/2020\/03\/these2-1024x415.jpeg 1024w, https:\/\/www.univ.edu.dj\/ace1\/wp-content\/uploads\/2020\/03\/these2-300x122.jpeg 300w, https:\/\/www.univ.edu.dj\/ace1\/wp-content\/uploads\/2020\/03\/these2-768x311.jpeg 768w, https:\/\/www.univ.edu.dj\/ace1\/wp-content\/uploads\/2020\/03\/these2.jpeg 1806w\" sizes=\"(max-width: 1024px) 100vw, 1024px\" \/><\/figure><div class=\"wp-block-media-text__content\">\n<p class=\"has-small-font-size\">Dans les pays en voie de d\u00e9veloppement, le fort taux d\u2019accroissement des aires urbaines ainsi que l\u2019inadaptation des techniques de construction offrent un grand potentiel pour la d\u00e9marche bioclimatique et la construction durable notamment sur le plan \u00e9nerg\u00e9tique&#8230; <em><a href=\"http:\/\/www.univ.edu.dj\/ace1\/wp-content\/uploads\/2020\/03\/These-02.pdf\" target=\"_blank\" rel=\"noreferrer noopener\" aria-label=\" (s\u2019ouvre dans un nouvel onglet)\">(suite)<\/a><\/em><\/p>\n<\/div><\/div>\n\n\n\n<div class=\"wp-block-media-text alignwide\"><figure class=\"wp-block-media-text__media\"><img loading=\"lazy\" width=\"1024\" height=\"413\" src=\"http:\/\/www.univ.edu.dj\/ace1\/wp-content\/uploads\/2020\/03\/these3-1024x413.jpeg\" alt=\"\" class=\"wp-image-632\" srcset=\"https:\/\/www.univ.edu.dj\/ace1\/wp-content\/uploads\/2020\/03\/these3-1024x413.jpeg 1024w, https:\/\/www.univ.edu.dj\/ace1\/wp-content\/uploads\/2020\/03\/these3-300x121.jpeg 300w, https:\/\/www.univ.edu.dj\/ace1\/wp-content\/uploads\/2020\/03\/these3-768x310.jpeg 768w, https:\/\/www.univ.edu.dj\/ace1\/wp-content\/uploads\/2020\/03\/these3.jpeg 1804w\" sizes=\"(max-width: 1024px) 100vw, 1024px\" \/><\/figure><div class=\"wp-block-media-text__content\">\n<p class=\"has-small-font-size\">Les champs magn\u00e9tiques influencent de nombreux flux naturels cr\u00e9\u00e9s par l\u2019\u00eatre humain. Ils sont couramment utilis\u00e9s dans l\u2019industrie pour chauffer, agiter et l\u00e9viter les m\u00e9taux liquides. Naturellement, il existe plusieurs champs magn\u00e9tiques, par exemple le champ magn\u00e9tique terrestre, solaire ou galactique. L\u2019\u00e9tude de ces flux s\u2019appelle la magn\u00e9tohydrodynamique (MHD)&#8230; <em><a rel=\"noreferrer noopener\" aria-label=\"(suite) (s\u2019ouvre dans un nouvel onglet)\" href=\"http:\/\/www.univ.edu.dj\/ace1\/wp-content\/uploads\/2020\/03\/These-03.pdf\" target=\"_blank\">(suite)<\/a><\/em><\/p>\n<\/div><\/div>\n","protected":false},"excerpt":{"rendered":"<p>Les donn\u00e9es de comptage multivari\u00e9s r\u00e9sultent de l\u2019observation conjointe de plusieurs variables prenant des valeurs enti\u00e8res (0, 1, 2, &#8230;) parmi les individus d\u2019une population&#8230; (suite) Dans les pays en voie de d\u00e9veloppement, le fort taux d\u2019accroissement des aires urbaines ainsi que l\u2019inadaptation des techniques de construction offrent un grand&hellip;<\/p>\n","protected":false},"author":1,"featured_media":0,"parent":0,"menu_order":0,"comment_status":"closed","ping_status":"closed","template":"","meta":[],"_links":{"self":[{"href":"https:\/\/www.univ.edu.dj\/ace1\/index.php?rest_route=\/wp\/v2\/pages\/304"}],"collection":[{"href":"https:\/\/www.univ.edu.dj\/ace1\/index.php?rest_route=\/wp\/v2\/pages"}],"about":[{"href":"https:\/\/www.univ.edu.dj\/ace1\/index.php?rest_route=\/wp\/v2\/types\/page"}],"author":[{"embeddable":true,"href":"https:\/\/www.univ.edu.dj\/ace1\/index.php?rest_route=\/wp\/v2\/users\/1"}],"replies":[{"embeddable":true,"href":"https:\/\/www.univ.edu.dj\/ace1\/index.php?rest_route=%2Fwp%2Fv2%2Fcomments&post=304"}],"version-history":[{"count":2,"href":"https:\/\/www.univ.edu.dj\/ace1\/index.php?rest_route=\/wp\/v2\/pages\/304\/revisions"}],"predecessor-version":[{"id":972,"href":"https:\/\/www.univ.edu.dj\/ace1\/index.php?rest_route=\/wp\/v2\/pages\/304\/revisions\/972"}],"wp:attachment":[{"href":"https:\/\/www.univ.edu.dj\/ace1\/index.php?rest_route=%2Fwp%2Fv2%2Fmedia&parent=304"}],"curies":[{"name":"wp","href":"https:\/\/api.w.org\/{rel}","templated":true}]}}