{"id":306,"date":"2020-01-03T21:40:12","date_gmt":"2020-01-03T20:40:12","guid":{"rendered":"http:\/\/www.univ.edu.dj\/ace\/?page_id=306"},"modified":"2020-10-13T21:49:08","modified_gmt":"2020-10-13T19:49:08","slug":"reglement-interieur","status":"publish","type":"page","link":"https:\/\/www.univ.edu.dj\/ace1\/?page_id=306","title":{"rendered":"R\u00e9glement Int\u00e9rieur"},"content":{"rendered":"\n<blockquote class=\"wp-block-quote is-style-default\"><p>Honorant sa devise universitaire \u00ab Engagement, \u00c9quit\u00e9 et Qualit\u00e9 \u00bb, l&rsquo;Universit\u00e9 de Djibouti entend garantir le bon accomplissement de ses missions de formation et de recherche en organisant sa vie collective par ce pr\u00e9sent r\u00e8glement int\u00e9rieur. Il vient en application du statut particulier de l\u2019Universit\u00e9 de Djibouti dont il pr\u00e9cise les conditions de mise en \u0153uvre. <br> Chaque ann\u00e9e le r\u00e8glement int\u00e9rieur est soumis au dernier Conseil d\u2019Administration de l\u2019ann\u00e9e universitaire de fa\u00e7on \u00e0 \u00eatre applicable d\u00e8s la rentr\u00e9e universitaire suivante. En outre, une modification du r\u00e8glement int\u00e9rieur pourra \u00eatre soumise au Conseil d\u2019Administration sur proposition du Pr\u00e9sident de l\u2019Universit\u00e9 de Djibouti apr\u00e8s avis du Conseil Scientifique et P\u00e9dagogique&#8230;<\/p><cite><a href=\"http:\/\/www.univ.edu.dj\/ace1\/wp-content\/uploads\/2020\/08\/Reglement Inte\u0301rieur.pdf\" target=\"_blank\" rel=\"noreferrer noopener\" aria-label=\" (s\u2019ouvre dans un nouvel onglet)\">T\u00e9l\u00e9charger l\u2019int\u00e9gralit\u00e9 du r\u00e8glement int\u00e9rieur de l&rsquo;Universit\u00e9 de Djibouti<\/a><\/cite><\/blockquote>\n","protected":false},"excerpt":{"rendered":"<p>Honorant sa devise universitaire \u00ab Engagement, \u00c9quit\u00e9 et Qualit\u00e9 \u00bb, l&rsquo;Universit\u00e9 de Djibouti entend garantir le bon accomplissement de ses missions de formation et de recherche en organisant sa vie collective par ce pr\u00e9sent r\u00e8glement int\u00e9rieur. Il vient en application du statut particulier de l\u2019Universit\u00e9 de Djibouti dont il pr\u00e9cise&hellip;<\/p>\n","protected":false},"author":1,"featured_media":0,"parent":0,"menu_order":0,"comment_status":"closed","ping_status":"closed","template":"","meta":[],"_links":{"self":[{"href":"https:\/\/www.univ.edu.dj\/ace1\/index.php?rest_route=\/wp\/v2\/pages\/306"}],"collection":[{"href":"https:\/\/www.univ.edu.dj\/ace1\/index.php?rest_route=\/wp\/v2\/pages"}],"about":[{"href":"https:\/\/www.univ.edu.dj\/ace1\/index.php?rest_route=\/wp\/v2\/types\/page"}],"author":[{"embeddable":true,"href":"https:\/\/www.univ.edu.dj\/ace1\/index.php?rest_route=\/wp\/v2\/users\/1"}],"replies":[{"embeddable":true,"href":"https:\/\/www.univ.edu.dj\/ace1\/index.php?rest_route=%2Fwp%2Fv2%2Fcomments&post=306"}],"version-history":[{"count":6,"href":"https:\/\/www.univ.edu.dj\/ace1\/index.php?rest_route=\/wp\/v2\/pages\/306\/revisions"}],"predecessor-version":[{"id":1203,"href":"https:\/\/www.univ.edu.dj\/ace1\/index.php?rest_route=\/wp\/v2\/pages\/306\/revisions\/1203"}],"wp:attachment":[{"href":"https:\/\/www.univ.edu.dj\/ace1\/index.php?rest_route=%2Fwp%2Fv2%2Fmedia&parent=306"}],"curies":[{"name":"wp","href":"https:\/\/api.w.org\/{rel}","templated":true}]}}