{"id":308,"date":"2020-01-03T21:40:12","date_gmt":"2020-01-03T20:40:12","guid":{"rendered":"http:\/\/www.univ.edu.dj\/ace\/?page_id=308"},"modified":"2020-01-03T22:37:23","modified_gmt":"2020-01-03T21:37:23","slug":"rapport-hceres","status":"publish","type":"page","link":"https:\/\/www.univ.edu.dj\/ace1\/?page_id=308","title":{"rendered":"Rapport HCERES"},"content":{"rendered":"\n<p> Dans le cadre de l\u2019\u00e9tude des activit\u00e9s d\u2019appui de l\u2019AFD, le Minist\u00e8re de l\u2019Enseignement et de la Recherche (MENSUR) a souhait\u00e9 faire un \u00e9tat des lieux. La d\u00e9marche d\u2019\u00e9valuation de l\u2019UD a \u00e9t\u00e9 amorc\u00e9e dans cet esprit. Le r\u00e9f\u00e9rentiel d\u2019\u00e9valuation utilis\u00e9 est le r\u00e9f\u00e9rentiel sp\u00e9cifique d\u2019\u00e9valuation externe des \u00e9tablissements d\u2019enseignement sup\u00e9rieur et de recherche \u00e9trangers, adopt\u00e9 par le Conseil du Hc\u00e9res le 4 octobre 2016. <\/p>\n\n\n\n<p class=\"has-text-color has-small-font-size has-vivid-red-color\"><em><strong><a href=\"http:\/\/www.univ.edu.dj\/wp-content\/uploads\/2019\/06\/HCERES_EvaluationUD2019.pdf\" target=\"_blank\" rel=\"noreferrer noopener\" aria-label=\"T\u00e9l\u00e9charger le Rapport Hc\u00e9res \u2013 Universit\u00e9 de Djibouti  (s\u2019ouvre dans un nouvel onglet)\">T\u00e9l\u00e9charger le Rapport Hc\u00e9res \u2013 Universit\u00e9 de Djibouti <\/a><\/strong><\/em><\/p>\n","protected":false},"excerpt":{"rendered":"<p>Dans le cadre de l\u2019\u00e9tude des activit\u00e9s d\u2019appui de l\u2019AFD, le Minist\u00e8re de l\u2019Enseignement et de la Recherche (MENSUR) a souhait\u00e9 faire un \u00e9tat des lieux. La d\u00e9marche d\u2019\u00e9valuation de l\u2019UD a \u00e9t\u00e9 amorc\u00e9e dans cet esprit. Le r\u00e9f\u00e9rentiel d\u2019\u00e9valuation utilis\u00e9 est le r\u00e9f\u00e9rentiel sp\u00e9cifique d\u2019\u00e9valuation externe des \u00e9tablissements d\u2019enseignement&hellip;<\/p>\n","protected":false},"author":1,"featured_media":0,"parent":0,"menu_order":0,"comment_status":"closed","ping_status":"closed","template":"","meta":[],"_links":{"self":[{"href":"https:\/\/www.univ.edu.dj\/ace1\/index.php?rest_route=\/wp\/v2\/pages\/308"}],"collection":[{"href":"https:\/\/www.univ.edu.dj\/ace1\/index.php?rest_route=\/wp\/v2\/pages"}],"about":[{"href":"https:\/\/www.univ.edu.dj\/ace1\/index.php?rest_route=\/wp\/v2\/types\/page"}],"author":[{"embeddable":true,"href":"https:\/\/www.univ.edu.dj\/ace1\/index.php?rest_route=\/wp\/v2\/users\/1"}],"replies":[{"embeddable":true,"href":"https:\/\/www.univ.edu.dj\/ace1\/index.php?rest_route=%2Fwp%2Fv2%2Fcomments&post=308"}],"version-history":[{"count":2,"href":"https:\/\/www.univ.edu.dj\/ace1\/index.php?rest_route=\/wp\/v2\/pages\/308\/revisions"}],"predecessor-version":[{"id":368,"href":"https:\/\/www.univ.edu.dj\/ace1\/index.php?rest_route=\/wp\/v2\/pages\/308\/revisions\/368"}],"wp:attachment":[{"href":"https:\/\/www.univ.edu.dj\/ace1\/index.php?rest_route=%2Fwp%2Fv2%2Fmedia&parent=308"}],"curies":[{"name":"wp","href":"https:\/\/api.w.org\/{rel}","templated":true}]}}