{"id":375,"date":"2020-01-06T09:12:35","date_gmt":"2020-01-06T08:12:35","guid":{"rendered":"http:\/\/www.univ.edu.dj\/ace\/?page_id=375"},"modified":"2020-01-06T09:20:47","modified_gmt":"2020-01-06T08:20:47","slug":"vision","status":"publish","type":"page","link":"https:\/\/www.univ.edu.dj\/ace1\/?page_id=375","title":{"rendered":"Vision"},"content":{"rendered":"\n<ul><li>Le CEALT est un institut interdisciplinaire d\u2019enseignement et de recherche \u00e0 vocation r\u00e9gionale de l\u2019Universit\u00e9 de Djibouti en mati\u00e8re de transport et logistique, avec\u00a0 une capacit\u00e9 et une qualit\u00e9 marqu\u00e9es dans les syst\u00e8mes portuaires, le transport intermodal et la num\u00e9risation de la cha\u00eene logistique globale.<\/li><\/ul>\n\n\n\n<ul><li>Le CEALT est un outil de rayonnement r\u00e9gional de l\u2019Universit\u00e9 de Djibouti. Il compte 30% d\u2019\u00e9tudiants r\u00e9gionaux. C\u2019est une r\u00e9f\u00e9rence pour toute l\u2019Afrique en mati\u00e8re d\u2019enseignement post-gradu\u00e9 et de recherche en transport maritime, ports et logistique. Il r\u00e9pond aux besoins en comp\u00e9tences sp\u00e9cialis\u00e9es Logistique et Transport de toute la Corne de l\u2019Afrique et il y recrute en cons\u00e9quence.<\/li><\/ul>\n\n\n\n<ul><li>Dans son domaine et sa zone\u00a0 d\u2019influence, le CEALT r\u00e9pond aux besoins de formation, d\u2019\u00e9tudes et de recherche de ce secteur \u00e9conomique productif en Afrique, avec lequel il \u00e9volue en \u00e9troite collaboration, ainsi qu\u2019en mati\u00e8re de politique publique.<\/li><\/ul>\n\n\n\n<ul><li>Le CEALT pratique une p\u00e9dagogie active, avec une forte composante d\u2019exposition \u00e0 la r\u00e9solution de probl\u00e8mes, aux \u00e9tudes de cas et aux stages en entreprises. Il arme ses \u00e9tudiants \u00e0 faire face \u00e0 une grande vari\u00e9t\u00e9 de situations, y compris impr\u00e9vues.<\/li><\/ul>\n\n\n\n<ul><li>Le CEALT promeut l\u2019acc\u00e8s des femmes \u00e0 l\u2019enseignement sup\u00e9rieur et accro\u00eet avec d\u00e9termination la part d\u2019\u00e9tudiantes et de professeurs f\u00e9minins jusqu\u2019\u00e0 atteindre la parit\u00e9.<\/li><\/ul>\n\n\n\n<ul><li>Le CEALT s\u2019appuie sur deux conseils consultatifs d\u2019experts, dont certains internationaux, scientifique pour valider la qualit\u00e9 de sa d\u00e9marche acad\u00e9mique, industriel d\u2019autre part pour valider la pertinence de sa d\u00e9marche face aux besoins des entreprises et du secteur socio-\u00e9conomique.<\/li><\/ul>\n\n\n\n<ul><li>Anim\u00e9 par une \u00e9quipe r\u00e9duite, faisant appel \u00e0 tous les Enseignants-chercheurs de tous les instituts et facult\u00e9s de l\u2019Universit\u00e9 de Djibouti, le CEALT con\u00e7oit et conduit toutes les activit\u00e9s d\u2019enseignement post-gradu\u00e9, de recherche et de transfert vers son secteur socio-\u00e9conomique (formation continue, innovation, cr\u00e9ation d\u2019entreprise, \u00e9tudes et contrat de recherche) en mati\u00e8re de transport et logistique.<\/li><\/ul>\n","protected":false},"excerpt":{"rendered":"<p>Le CEALT est un institut interdisciplinaire d\u2019enseignement et de recherche \u00e0 vocation r\u00e9gionale de l\u2019Universit\u00e9 de Djibouti en mati\u00e8re de transport et logistique, avec\u00a0 une capacit\u00e9 et une qualit\u00e9 marqu\u00e9es dans les syst\u00e8mes portuaires, le transport intermodal et la num\u00e9risation de la cha\u00eene logistique globale. Le CEALT est un outil&hellip;<\/p>\n","protected":false},"author":1,"featured_media":0,"parent":0,"menu_order":0,"comment_status":"closed","ping_status":"closed","template":"","meta":[],"_links":{"self":[{"href":"https:\/\/www.univ.edu.dj\/ace1\/index.php?rest_route=\/wp\/v2\/pages\/375"}],"collection":[{"href":"https:\/\/www.univ.edu.dj\/ace1\/index.php?rest_route=\/wp\/v2\/pages"}],"about":[{"href":"https:\/\/www.univ.edu.dj\/ace1\/index.php?rest_route=\/wp\/v2\/types\/page"}],"author":[{"embeddable":true,"href":"https:\/\/www.univ.edu.dj\/ace1\/index.php?rest_route=\/wp\/v2\/users\/1"}],"replies":[{"embeddable":true,"href":"https:\/\/www.univ.edu.dj\/ace1\/index.php?rest_route=%2Fwp%2Fv2%2Fcomments&post=375"}],"version-history":[{"count":3,"href":"https:\/\/www.univ.edu.dj\/ace1\/index.php?rest_route=\/wp\/v2\/pages\/375\/revisions"}],"predecessor-version":[{"id":381,"href":"https:\/\/www.univ.edu.dj\/ace1\/index.php?rest_route=\/wp\/v2\/pages\/375\/revisions\/381"}],"wp:attachment":[{"href":"https:\/\/www.univ.edu.dj\/ace1\/index.php?rest_route=%2Fwp%2Fv2%2Fmedia&parent=375"}],"curies":[{"name":"wp","href":"https:\/\/api.w.org\/{rel}","templated":true}]}}