{"id":594,"date":"2020-03-08T15:01:28","date_gmt":"2020-03-08T14:01:28","guid":{"rendered":"http:\/\/www.univ.edu.dj\/ace1\/?page_id=594"},"modified":"2020-03-08T15:07:38","modified_gmt":"2020-03-08T14:07:38","slug":"master-ds","status":"publish","type":"page","link":"https:\/\/www.univ.edu.dj\/ace1\/?page_id=594","title":{"rendered":"Master DS"},"content":{"rendered":"\n<blockquote class=\"wp-block-quote is-style-default\"><p><strong>Article 1 : Objet <\/strong><\/p><p><strong><br> 1.1 L\u2019Universit\u00e9 de Djibouti d\u00e9cerne le titre de Master en Data Sciences \u00e0 la Facult\u00e9 des Sciences. <\/strong><\/p><p><strong><br> 1.2 Le \u00ab Dipl\u00f4me National de Master \u00bb (en abr\u00e9g\u00e9 : Master) correspond au 2\u00e8me cycle universitaire. <\/strong><\/p><p><strong><br> 1.3 Le Master est d\u00e9fini en correspondance avec le cadre du sch\u00e9ma LMD. Les cursus M1 et M2 sont organis\u00e9s chacun sur une ann\u00e9e universitaire. Ils peuvent faire l\u2019objet de dipl\u00f4me sp\u00e9cifique. <\/strong><\/p><cite><a href=\"http:\/\/www.univ.edu.dj\/ace1\/wp-content\/uploads\/2020\/03\/Re\u0301glement-des-e\u0301tudes-Master-Data-Sciences.pdf\" target=\"_blank\" rel=\"noreferrer noopener\" aria-label=\"T\u00e9l\u00e9charger l\u2019int\u00e9gralit\u00e9 du r\u00e8glement des \u00e9tudes Master Data Sciences (s\u2019ouvre dans un nouvel onglet)\">T\u00e9l\u00e9charger l\u2019int\u00e9gralit\u00e9 du r\u00e8glement des \u00e9tudes Master Data Sciences<\/a><\/cite><\/blockquote>\n\n\n\n<p><\/p>\n","protected":false},"excerpt":{"rendered":"<p>Article 1 : Objet 1.1 L\u2019Universit\u00e9 de Djibouti d\u00e9cerne le titre de Master en Data Sciences \u00e0 la Facult\u00e9 des Sciences. 1.2 Le \u00ab Dipl\u00f4me National de Master \u00bb (en abr\u00e9g\u00e9 : Master) correspond au 2\u00e8me cycle universitaire. 1.3 Le Master est d\u00e9fini en correspondance avec le cadre du sch\u00e9ma&hellip;<\/p>\n","protected":false},"author":1,"featured_media":0,"parent":0,"menu_order":0,"comment_status":"closed","ping_status":"closed","template":"","meta":[],"_links":{"self":[{"href":"https:\/\/www.univ.edu.dj\/ace1\/index.php?rest_route=\/wp\/v2\/pages\/594"}],"collection":[{"href":"https:\/\/www.univ.edu.dj\/ace1\/index.php?rest_route=\/wp\/v2\/pages"}],"about":[{"href":"https:\/\/www.univ.edu.dj\/ace1\/index.php?rest_route=\/wp\/v2\/types\/page"}],"author":[{"embeddable":true,"href":"https:\/\/www.univ.edu.dj\/ace1\/index.php?rest_route=\/wp\/v2\/users\/1"}],"replies":[{"embeddable":true,"href":"https:\/\/www.univ.edu.dj\/ace1\/index.php?rest_route=%2Fwp%2Fv2%2Fcomments&post=594"}],"version-history":[{"count":3,"href":"https:\/\/www.univ.edu.dj\/ace1\/index.php?rest_route=\/wp\/v2\/pages\/594\/revisions"}],"predecessor-version":[{"id":605,"href":"https:\/\/www.univ.edu.dj\/ace1\/index.php?rest_route=\/wp\/v2\/pages\/594\/revisions\/605"}],"wp:attachment":[{"href":"https:\/\/www.univ.edu.dj\/ace1\/index.php?rest_route=%2Fwp%2Fv2%2Fmedia&parent=594"}],"curies":[{"name":"wp","href":"https:\/\/api.w.org\/{rel}","templated":true}]}}