{"id":613,"date":"2020-03-08T15:16:39","date_gmt":"2020-03-08T14:16:39","guid":{"rendered":"http:\/\/www.univ.edu.dj\/ace1\/?page_id=613"},"modified":"2020-10-13T22:04:04","modified_gmt":"2020-10-13T20:04:04","slug":"manuels","status":"publish","type":"page","link":"https:\/\/www.univ.edu.dj\/ace1\/?page_id=613","title":{"rendered":"Manuels"},"content":{"rendered":"\n<p style=\"text-align:center\"><strong>MANUEL DE GESTION FINANCI\u00c8RE ET COMPTABLE DES CENTRES D\u2019EXCELLENCE AFRICAIN DE DJIBOUTI <\/strong><\/p>\n\n\n\n<blockquote class=\"wp-block-quote\"><p><strong> L\u2019Universit\u00e9 de Djibouti(UD) est un \u00e9tablissement public \u00e0 caract\u00e8re scientifique, p\u00e9dagogique et technologique cr\u00e9e par le D\u00e9cret n\u00b02007-0167\/PR ayant pour objet de fixer le statut particulier de l&rsquo;Universit\u00e9 de Djibouti conform\u00e9ment \u00e0 la Loi n\u00b0149\/AN\/06\/5\u00e8me L du 08 ao\u00fbt 2006 qui a cr\u00e9\u00e9 une nouvelle cat\u00e9gorie et qui a class\u00e9 l&rsquo;Universit\u00e9 de Djibouti au sein de cette cat\u00e9gorie.<br> En tant qu\u2019EPSPT, l\u2019UD b\u00e9n\u00e9ficie d\u2019une autonomie de fonctionnement et de gestion financi\u00e8re.<\/strong><\/p><p><\/p><cite><a href=\"http:\/\/www.univ.edu.dj\/ace1\/wp-content\/uploads\/2020\/07\/Manuel-de-Proce\u0301dure-Comptale-Financier-CEALT-DV.pdf\" target=\"_blank\" rel=\"noreferrer noopener\" aria-label=\" (s\u2019ouvre dans un nouvel onglet)\">T\u00e9l\u00e9charger l\u2019int\u00e9gralit\u00e9 du manuel de proce\u0301dure comptable et financier.<\/a><\/cite><\/blockquote>\n\n\n\n<hr class=\"wp-block-separator\"\/>\n\n\n\n<p style=\"text-align:center\"><strong>MANUEL DE PROC\u00c9DURES DE PASSATION DES MARCHES <\/strong><\/p>\n\n\n\n<blockquote class=\"wp-block-quote\"><p><strong>Ce Manuel a pour objet de pr\u00e9ciser l\u2019ensemble des proc\u00e9dures relatives \u00e0 la passation des march\u00e9s du CELT et du COE dans le cadre de l\u2019utilisation des fonds octroy\u00e9s par l&rsquo;IDA pour le projet r\u00e9gional CEA pour l\u2019enseignement sup\u00e9rieur. <br> Ce manuel est bien entendu destin\u00e9 \u00e0 \u00eatre mis \u00e0 jour au fur et \u00e0 mesure de l\u2019\u00e9volution du cadre structurel et des changements intervenants dans le projet. <br> Toute modification du manuel doit \u00eatre soumise \u00e0 l\u2019approbation \u00e9crite pr\u00e9alable de l\u2019IDA. <\/strong><\/p><cite><a href=\"http:\/\/www.univ.edu.dj\/ace1\/wp-content\/uploads\/2020\/10\/Manuel-de-Procee\u0307dures-de-passation-des-marchee\u0307s-CELT-et-COE.pdf\">T\u00e9l\u00e9charger l\u2019int\u00e9gralit\u00e9 du manuel de proc\u00e9dures de passation des marches.<\/a><\/cite><\/blockquote>\n\n\n\n<hr class=\"wp-block-separator\"\/>\n\n\n\n<p style=\"text-align:center\"><strong>MANUEL R\u00c9GIONAL DES OP\u00c9RATIONS  CEA<\/strong><\/p>\n\n\n\n<blockquote class=\"wp-block-quote\"><p><strong>Le \u00ab\u00a0Manuel R\u00e9gional des Op\u00e9rations du Projet\u00a0\u00bb du premier et du second projets des Centres d&rsquo;Excellence d\u2019Afrique d&rsquo;Enseignement Sup\u00e9rieur pour l\u2019Impact sur D\u00e9veloppement (1er et 2nd CEA Impact) est d\u00e9fini dans les Accords de Financement sign\u00e9s par les pays b\u00e9n\u00e9ficiaires et la Banque mondiale comme \u00e9tant le manuel a \u00eatre adopt\u00e9 par l&rsquo;Unit\u00e9 de Facilitation R\u00e9gionale (UFR) des projets et communiqu\u00e9 aux pays participants pour la mise en \u0153uvre des projets <\/strong><\/p><cite><a href=\"http:\/\/www.univ.edu.dj\/ace1\/wp-content\/uploads\/2020\/10\/Manuel-re\u0301gional-des-ope\u0301rations-CEA.pdf\" target=\"_blank\" rel=\"noreferrer noopener\" aria-label=\" (s\u2019ouvre dans un nouvel onglet)\">T\u00e9l\u00e9charger l\u2019int\u00e9gralit\u00e9 du manuel re\u0301gional des ope\u0301rations CEA.<\/a><\/cite><\/blockquote>\n","protected":false},"excerpt":{"rendered":"<p>MANUEL DE GESTION FINANCI\u00c8RE ET COMPTABLE DES CENTRES D\u2019EXCELLENCE AFRICAIN DE DJIBOUTI L\u2019Universit\u00e9 de Djibouti(UD) est un \u00e9tablissement public \u00e0 caract\u00e8re scientifique, p\u00e9dagogique et technologique cr\u00e9e par le D\u00e9cret n\u00b02007-0167\/PR ayant pour objet de fixer le statut particulier de l&rsquo;Universit\u00e9 de Djibouti conform\u00e9ment \u00e0 la Loi n\u00b0149\/AN\/06\/5\u00e8me L du 08&hellip;<\/p>\n","protected":false},"author":1,"featured_media":0,"parent":0,"menu_order":0,"comment_status":"closed","ping_status":"closed","template":"","meta":[],"_links":{"self":[{"href":"https:\/\/www.univ.edu.dj\/ace1\/index.php?rest_route=\/wp\/v2\/pages\/613"}],"collection":[{"href":"https:\/\/www.univ.edu.dj\/ace1\/index.php?rest_route=\/wp\/v2\/pages"}],"about":[{"href":"https:\/\/www.univ.edu.dj\/ace1\/index.php?rest_route=\/wp\/v2\/types\/page"}],"author":[{"embeddable":true,"href":"https:\/\/www.univ.edu.dj\/ace1\/index.php?rest_route=\/wp\/v2\/users\/1"}],"replies":[{"embeddable":true,"href":"https:\/\/www.univ.edu.dj\/ace1\/index.php?rest_route=%2Fwp%2Fv2%2Fcomments&post=613"}],"version-history":[{"count":6,"href":"https:\/\/www.univ.edu.dj\/ace1\/index.php?rest_route=\/wp\/v2\/pages\/613\/revisions"}],"predecessor-version":[{"id":1209,"href":"https:\/\/www.univ.edu.dj\/ace1\/index.php?rest_route=\/wp\/v2\/pages\/613\/revisions\/1209"}],"wp:attachment":[{"href":"https:\/\/www.univ.edu.dj\/ace1\/index.php?rest_route=%2Fwp%2Fv2%2Fmedia&parent=613"}],"curies":[{"name":"wp","href":"https:\/\/api.w.org\/{rel}","templated":true}]}}