{"id":936,"date":"2020-06-30T20:21:25","date_gmt":"2020-06-30T18:21:25","guid":{"rendered":"http:\/\/www.univ.edu.dj\/ace1\/?page_id=936"},"modified":"2023-11-22T09:40:40","modified_gmt":"2023-11-22T08:40:40","slug":"masters-ingenierie","status":"publish","type":"page","link":"https:\/\/www.univ.edu.dj\/ace1\/?page_id=936","title":{"rendered":"Masters \/ Ing\u00e9nierie"},"content":{"rendered":"\n<hr class=\"wp-block-separator is-style-dots\"\/>\n\n\n\n<div class=\"wp-block-media-text alignwide has-media-on-the-right has-background\" style=\"background-color:#011d4b\"><figure class=\"wp-block-media-text__media\"><img loading=\"lazy\" width=\"1024\" height=\"555\" src=\"http:\/\/www.univ.edu.dj\/ace1\/wp-content\/uploads\/2020\/10\/gee-1024x555.jpeg\" alt=\"\" class=\"wp-image-1190\" srcset=\"https:\/\/www.univ.edu.dj\/ace1\/wp-content\/uploads\/2020\/10\/gee-1024x555.jpeg 1024w, https:\/\/www.univ.edu.dj\/ace1\/wp-content\/uploads\/2020\/10\/gee-300x163.jpeg 300w, https:\/\/www.univ.edu.dj\/ace1\/wp-content\/uploads\/2020\/10\/gee-768x416.jpeg 768w, https:\/\/www.univ.edu.dj\/ace1\/wp-content\/uploads\/2020\/10\/gee-498x270.jpeg 498w\" sizes=\"(max-width: 1024px) 100vw, 1024px\" \/><\/figure><div class=\"wp-block-media-text__content\">\n<p class=\"has-text-align-center has-text-color\" style=\"font-size:15px;color:#ffffff\"><a rel=\"noreferrer noopener\" aria-label=\"La  fili\u00e8re G\u00e9nie \u00c9lectrique et \u00c9nerg\u00e9tique (GEE) propose une formation d\u2019ing\u00e9nieurs polyvalents. Elle permet d\u2019acqu\u00e9rir une formation scientifique et technique dans le domaine de l\u2019\u00e9lectricit\u00e9 et de ses applications \u00e0 savoir : les secteurs industriels couvrant la production, le transport et la distribution de l\u2019\u00e9nergie \u00e9lectrique, les syst\u00e8mes \u00e9lectroniques, l\u2019\u00e9nerg\u00e9tique, et la gestion ainsi que sur la conduite de projets... (s\u2019ouvre dans un nouvel onglet)\" href=\"http:\/\/www.univ.edu.dj\/ace1\/wp-content\/uploads\/2020\/08\/gee.pdf\" target=\"_blank\"><strong>La  fili\u00e8re G\u00e9nie \u00c9lectrique et \u00c9nerg\u00e9tique (GEE) propose une formation d\u2019ing\u00e9nieurs polyvalents. Elle permet d\u2019acqu\u00e9rir une formation scientifique et technique dans le domaine de l\u2019\u00e9lectricit\u00e9 et de ses applications \u00e0 savoir : les secteurs industriels couvrant la production, le transport et la distribution de l\u2019\u00e9nergie \u00e9lectrique, les syst\u00e8mes \u00e9lectroniques, l\u2019\u00e9nerg\u00e9tique, et la gestion ainsi que sur la conduite de projets&#8230;<\/strong><\/a><\/p>\n<\/div><\/div>\n\n\n\n<hr class=\"wp-block-separator is-style-dots\"\/>\n\n\n\n<div class=\"wp-block-media-text alignwide has-background\" style=\"background-color:#ffb302\"><figure class=\"wp-block-media-text__media\"><img loading=\"lazy\" width=\"1024\" height=\"567\" src=\"http:\/\/www.univ.edu.dj\/ace1\/wp-content\/uploads\/2020\/10\/GENIECIVIL-1024x567.jpeg\" alt=\"\" class=\"wp-image-1192\" srcset=\"https:\/\/www.univ.edu.dj\/ace1\/wp-content\/uploads\/2020\/10\/GENIECIVIL-1024x567.jpeg 1024w, https:\/\/www.univ.edu.dj\/ace1\/wp-content\/uploads\/2020\/10\/GENIECIVIL-300x166.jpeg 300w, https:\/\/www.univ.edu.dj\/ace1\/wp-content\/uploads\/2020\/10\/GENIECIVIL-768x425.jpeg 768w, https:\/\/www.univ.edu.dj\/ace1\/wp-content\/uploads\/2020\/10\/GENIECIVIL-488x270.jpeg 488w, https:\/\/www.univ.edu.dj\/ace1\/wp-content\/uploads\/2020\/10\/GENIECIVIL-1038x576.jpeg 1038w, https:\/\/www.univ.edu.dj\/ace1\/wp-content\/uploads\/2020\/10\/GENIECIVIL.jpeg 1820w\" sizes=\"(max-width: 1024px) 100vw, 1024px\" \/><\/figure><div class=\"wp-block-media-text__content\">\n<p class=\"has-text-align-center has-text-color\" style=\"font-size:15px;color:#ffffff\"><strong><a href=\"http:\/\/www.univ.edu.dj\/ace1\/wp-content\/uploads\/2020\/08\/GENIE CIVIL.pdf\" target=\"_blank\" rel=\"noreferrer noopener\" aria-label=\" (s\u2019ouvre dans un nouvel onglet)\">Le Master G\u00e9nie Civil (GC) donne aux \u00e9tudiants les savoir-faire et les outils dans les domaines de la conception des b\u00e2timents, des ouvrages vari\u00e9s comme les ponts, viaducs, les barrages, des constructions hydrauliques, pour \u00eatre directement op\u00e9rationnels dans l\u2019\u00e9tude des probl\u00e8mes industriels et la ma\u00eetrise d\u2019une comp\u00e9tence solide dans le domaine de l\u2019utilisation des outils de mod\u00e9lisation&#8230; <\/a><\/strong><\/p>\n<\/div><\/div>\n\n\n\n<hr class=\"wp-block-separator is-style-dots\"\/>\n\n\n\n<div class=\"wp-block-media-text alignwide has-media-on-the-right has-background\" style=\"background-color:#52047c\"><figure class=\"wp-block-media-text__media\"><img loading=\"lazy\" width=\"1024\" height=\"688\" src=\"http:\/\/www.univ.edu.dj\/ace1\/wp-content\/uploads\/2020\/10\/masterlogistiqueettransport-1024x688.jpeg\" alt=\"\" class=\"wp-image-1193\" srcset=\"https:\/\/www.univ.edu.dj\/ace1\/wp-content\/uploads\/2020\/10\/masterlogistiqueettransport-1024x688.jpeg 1024w, https:\/\/www.univ.edu.dj\/ace1\/wp-content\/uploads\/2020\/10\/masterlogistiqueettransport-300x202.jpeg 300w, https:\/\/www.univ.edu.dj\/ace1\/wp-content\/uploads\/2020\/10\/masterlogistiqueettransport-768x516.jpeg 768w, https:\/\/www.univ.edu.dj\/ace1\/wp-content\/uploads\/2020\/10\/masterlogistiqueettransport-402x270.jpeg 402w, https:\/\/www.univ.edu.dj\/ace1\/wp-content\/uploads\/2020\/10\/masterlogistiqueettransport.jpeg 1822w\" sizes=\"(max-width: 1024px) 100vw, 1024px\" \/><\/figure><div class=\"wp-block-media-text__content\">\n<p class=\"has-text-align-center has-text-color\" style=\"font-size:15px;color:#ffffff\"><strong><a href=\"http:\/\/www.univ.edu.dj\/ace1\/wp-content\/uploads\/2020\/08\/master logistique et transport.pdf\" target=\"_blank\" rel=\"noreferrer noopener\" aria-label=\" (s\u2019ouvre dans un nouvel onglet)\">La sp\u00e9cialit\u00e9 \u00abTransports Internationaux et Strat\u00e9gies Logistiques \u00bb (TISL) a pour vocation principale de former de futurs cadres dans les domaines du transport international et de la logistique dans une triple dimension: nationale, r\u00e9gionale et internationale. Le master MTISL forme aux disciplines de gestion, d\u2019\u00e9conomie et de droit appliqu\u00e9es aux transports internationaux&#8230;<\/a><\/strong><\/p>\n<\/div><\/div>\n\n\n\n<p><\/p>\n\n\n\n<p><a rel=\"noreferrer noopener\" href=\"https:\/\/www.univ.edu.dj\/ace1\/wp-content\/uploads\/2023\/11\/Formulaire-candidature-inscription-a\u0300-lUD-externe-2023-MTISL_FORMATION-CONTINUE.docx\" target=\"_blank\">Formulaire de candidature au Master Transports Internationaux et Strat\u00e9gies Logistiques (MTISL) en <strong>Formation Continue<\/strong><\/a><\/p>\n\n\n\n<p><a href=\"https:\/\/www.univ.edu.dj\/ace1\/wp-content\/uploads\/2023\/11\/Formulaire-candidature-inscription-a\u0300-lUD-externe-2023-MTISL_FORMATION-INITIALE.docx\" target=\"_blank\" rel=\"noreferrer noopener\">Formulaire de Candidature au Master Transports Internationaux et Strat\u00e9gies Logistiques (MTISL) en <strong>Formation initiale<\/strong><\/a><\/p>\n\n\n\n<hr class=\"wp-block-separator is-style-dots\"\/>\n\n\n\n<div class=\"wp-block-media-text alignwide has-background\" style=\"background-color:#061838\"><figure class=\"wp-block-media-text__media\"><img loading=\"lazy\" width=\"1024\" height=\"731\" src=\"http:\/\/www.univ.edu.dj\/ace1\/wp-content\/uploads\/2020\/10\/DATASCIENCES-1024x731.jpeg\" alt=\"\" class=\"wp-image-1194\" srcset=\"https:\/\/www.univ.edu.dj\/ace1\/wp-content\/uploads\/2020\/10\/DATASCIENCES-1024x731.jpeg 1024w, https:\/\/www.univ.edu.dj\/ace1\/wp-content\/uploads\/2020\/10\/DATASCIENCES-300x214.jpeg 300w, https:\/\/www.univ.edu.dj\/ace1\/wp-content\/uploads\/2020\/10\/DATASCIENCES-768x548.jpeg 768w, https:\/\/www.univ.edu.dj\/ace1\/wp-content\/uploads\/2020\/10\/DATASCIENCES-378x270.jpeg 378w, https:\/\/www.univ.edu.dj\/ace1\/wp-content\/uploads\/2020\/10\/DATASCIENCES.jpeg 1822w\" sizes=\"(max-width: 1024px) 100vw, 1024px\" \/><\/figure><div class=\"wp-block-media-text__content\">\n<p class=\"has-text-align-center has-text-color\" style=\"font-size:15px;color:#ffffff\"><strong><a href=\"http:\/\/www.univ.edu.dj\/ace1\/wp-content\/uploads\/2020\/08\/DATA SCIENCES.pdf\" target=\"_blank\" rel=\"noreferrer noopener\" aria-label=\" (s\u2019ouvre dans un nouvel onglet)\"> \u00c0 l\u2019intersection de l\u2019informatique et des math\u00e9matiques, la science des donn\u00e9es (Data Sciences en anglais) est une discipline scientifique \u00e9mergente qui vise \u00e0 extraire de la connaissance \u00e0 partir de donn\u00e9es g\u00e9n\u00e9r\u00e9es en quantit\u00e9s toujours plus importantes (les Big Data). Cette \u00ab nouvelle \u00bb science est un vecteur d\u2019innovation et de richesses \u00e0 l\u2019origine d\u2019une transformation majeure de la soci\u00e9t\u00e9&#8230;<\/a><\/strong><\/p>\n<\/div><\/div>\n\n\n\n<p><\/p>\n","protected":false},"excerpt":{"rendered":"<p>La fili\u00e8re G\u00e9nie \u00c9lectrique et \u00c9nerg\u00e9tique (GEE) propose une formation d\u2019ing\u00e9nieurs polyvalents. Elle permet d\u2019acqu\u00e9rir une formation scientifique et technique dans le domaine de l\u2019\u00e9lectricit\u00e9 et de ses applications \u00e0 savoir : les secteurs industriels couvrant la production, le transport et la distribution de l\u2019\u00e9nergie \u00e9lectrique, les syst\u00e8mes \u00e9lectroniques, l\u2019\u00e9nerg\u00e9tique,&hellip;<\/p>\n","protected":false},"author":1,"featured_media":0,"parent":0,"menu_order":0,"comment_status":"closed","ping_status":"closed","template":"","meta":[],"_links":{"self":[{"href":"https:\/\/www.univ.edu.dj\/ace1\/index.php?rest_route=\/wp\/v2\/pages\/936"}],"collection":[{"href":"https:\/\/www.univ.edu.dj\/ace1\/index.php?rest_route=\/wp\/v2\/pages"}],"about":[{"href":"https:\/\/www.univ.edu.dj\/ace1\/index.php?rest_route=\/wp\/v2\/types\/page"}],"author":[{"embeddable":true,"href":"https:\/\/www.univ.edu.dj\/ace1\/index.php?rest_route=\/wp\/v2\/users\/1"}],"replies":[{"embeddable":true,"href":"https:\/\/www.univ.edu.dj\/ace1\/index.php?rest_route=%2Fwp%2Fv2%2Fcomments&post=936"}],"version-history":[{"count":32,"href":"https:\/\/www.univ.edu.dj\/ace1\/index.php?rest_route=\/wp\/v2\/pages\/936\/revisions"}],"predecessor-version":[{"id":2122,"href":"https:\/\/www.univ.edu.dj\/ace1\/index.php?rest_route=\/wp\/v2\/pages\/936\/revisions\/2122"}],"wp:attachment":[{"href":"https:\/\/www.univ.edu.dj\/ace1\/index.php?rest_route=%2Fwp%2Fv2%2Fmedia&parent=936"}],"curies":[{"name":"wp","href":"https:\/\/api.w.org\/{rel}","templated":true}]}}