{"id":6289,"date":"2022-08-20T00:15:19","date_gmt":"2022-08-19T22:15:19","guid":{"rendered":"https:\/\/www.univ.edu.dj\/univ\/?page_id=6289"},"modified":"2025-07-01T11:10:25","modified_gmt":"2025-07-01T09:10:25","slug":"inscriptions","status":"publish","type":"page","link":"https:\/\/www.univ.edu.dj\/?page_id=6289","title":{"rendered":"Inscriptions 2025"},"content":{"rendered":"\n<p><strong>COMMUNIQU\u00c9 G\u00c9N\u00c9RAL AUX CANDIDATS DU BAC 2025<\/strong><br>L\u2019Universit\u00e9 de Djibouti informe tous les CANDIDATS AU BACCALAUR\u00c9AT 2025 que les inscriptions en ligne d\u00e9buteront le 25 mai 2025 et se cl\u00f4tureront le 03 juillet 2025.<\/p>\n\n\n\n<p>Pour plus d\u2019informations, connectez-vous \u00e0 notre cha\u00eene WhatsApp.<br>Scannez ce code ou saisissez le lien : https:\/\/bit.ly\/universitededjibouti<\/p>\n\n\n\n<p>\u00c0 partir d\u2019aujourd\u2019hui 25 Mai jusqu\u2019au 3 juillet, vous avez la possibilit\u00e9 de vous pr\u00e9 inscrire \u00e0 l\u2019universit\u00e9 de Djibouti en faisant vos v\u0153ux des fili\u00e8res de formation en premi\u00e8re ann\u00e9e.<\/p>\n\n\n\n<p>Pour ce faire, connectez-vous \u00e0 la plateforme eCampus : <a href=\"http:\/\/webserver.ecampus.univ.edu.dj\/\">ecampus.univ.edu.dj<\/a><\/p>\n\n\n\n<p>   1 &#8211; Entrez le num\u00e9ro d\u2019utilisateur qui est votre NUM\u00c9RO DU BAC et qui se trouve sur le r\u00e9c\u00e9piss\u00e9 qui vous a \u00e9t\u00e9 remis. Il se termine par la lettre T.<\/p>\n\n\n\n<p>    2 &#8211; Entrez le mot de passe qui correspond \u00e0 votre MATRICULE DE LYC\u00c9EN<\/p>\n\n\n\n<p>    3 &#8211; \u00c0 ce stade vous \u00eates connect\u00e9s. Suivez les instructions qui se trouvent sur la brochure ci jointe pour faire vos choix.<\/p>\n\n\n\n<p><\/p>\n\n\n\n<p class=\"has-text-align-right\"><strong>\u0625\u0639\u0644\u0627\u0646 \u0639\u0627\u0645 \u0644\u0645\u0631\u0634\u062d\u064a \u0627\u0644\u0634\u0647\u0627\u062f\u0629 \u0627\u0644\u062b\u0627\u0646\u0648\u064a\u0629 \u0644\u0639\u0627\u0645 2025<\/strong><\/p>\n\n\n\n<p class=\"has-text-align-right\">\u062a\u0639\u0644\u0646 \u062c\u0627\u0645\u0639\u0629 \u062c\u064a\u0628\u0648\u062a\u064a \u0644\u062c\u0645\u064a\u0639 \u0627\u0644\u0645\u062a\u0642\u062f\u0645\u064a\u0646 \u0644\u0627\u0645\u062a\u062d\u0627\u0646\u0627\u062a \u0627\u0644\u0634\u0647\u0627\u062f\u0629 \u0627\u0644\u062b\u0627\u0648\u064a\u0629 \u0644\u0644\u0639\u0627\u0645 \u0627\u0644\u062f\u0631\u0627\u0633\u064a 2025\u060c \u0623\u0646 \u0627\u0644\u062a\u0633\u062c\u064a\u0644 \u0639\u0628\u0631 \u0627\u0644\u0625\u0646\u062a\u0631\u0646\u062a \u0633\u064a\u0628\u062f\u0623 \u0641\u064a 25 \u0645\u0627\u064a\u0648 2025\u060c \u0648\u0633\u064a\u063a\u0644\u0642 \u0641\u064a 03 \u064a\u0648\u0644\u064a\u0648 2025<\/p>\n\n\n\n<p class=\"has-text-align-right\">  \u0644\u0644\u0645\u0632\u064a\u062f \u0645\u0646 \u0627\u0644\u0645\u0639\u0644\u0648\u0645\u0627\u062a \u0648\u0627\u0635\u0644\u0648\u0627 \u0645\u0639\u0646\u0627 \u0639\u0628\u0631 \u0642\u0646\u0627\u062a\u0646\u0627 \u0639\u0644\u0649 \u0648\u0627\u062a\u0633\u0627\u0628<\/p>\n\n\n\n<p class=\"has-text-align-right\"><a href=\"https:\/\/bit.ly\/universitededjibouti\">https:\/\/bit.ly\/universitededjibouti<\/a><\/p>\n\n\n\n<p class=\"has-text-align-right\">\u0627\u0628\u062a\u062f\u0627\u0621\u064b \u0645\u0646 \u0627\u0644\u064a\u0648\u0645 25 \u0645\u0627\u064a\u0648 \u062d\u062a\u0649 3 \u064a\u0648\u0644\u064a\u0648\u060c \u0644\u062f\u064a\u0643\u0645 \u0627\u0644\u0641\u0631\u0635\u0629 \u0644\u0644\u062a\u0633\u062c\u064a\u0644 \u0627\u0644\u0645\u0633\u0628\u0642 \u0641\u064a \u062c\u0627\u0645\u0639\u0629 \u062c\u064a\u0628\u0648\u062a\u064a \u0645\u0646 \u062e\u0644\u0627\u0644 \u062a\u0642\u062f\u064a\u0645 \u0631\u063a\u0628\u0627\u062a\u0643\u0645 \u0641\u064a <\/p>\n\n\n\n<figure class=\"wp-block-image size-full is-resized\"><img loading=\"lazy\" src=\"https:\/\/www.univ.edu.dj\/wp-content\/uploads\/2025\/07\/WhatsApp-Image-2025-07-01-at-12.25.03.jpeg\" alt=\"\" class=\"wp-image-7131\" width=\"843\" height=\"1191\" srcset=\"https:\/\/www.univ.edu.dj\/wp-content\/uploads\/2025\/07\/WhatsApp-Image-2025-07-01-at-12.25.03.jpeg 596w, https:\/\/www.univ.edu.dj\/wp-content\/uploads\/2025\/07\/WhatsApp-Image-2025-07-01-at-12.25.03-212x300.jpeg 212w\" sizes=\"(max-width: 843px) 100vw, 843px\" \/><\/figure>\n","protected":false},"excerpt":{"rendered":"<p>COMMUNIQU\u00c9 G\u00c9N\u00c9RAL AUX CANDIDATS DU BAC 2025L\u2019Universit\u00e9 de Djibouti informe tous les CANDIDATS AU BACCALAUR\u00c9AT 2025 que les inscriptions en ligne d\u00e9buteront le 25 mai 2025 et se cl\u00f4tureront le [&hellip;]<\/p>\n","protected":false},"author":1,"featured_media":7131,"parent":0,"menu_order":0,"comment_status":"closed","ping_status":"closed","template":"","meta":[],"_links":{"self":[{"href":"https:\/\/www.univ.edu.dj\/index.php?rest_route=\/wp\/v2\/pages\/6289"}],"collection":[{"href":"https:\/\/www.univ.edu.dj\/index.php?rest_route=\/wp\/v2\/pages"}],"about":[{"href":"https:\/\/www.univ.edu.dj\/index.php?rest_route=\/wp\/v2\/types\/page"}],"author":[{"embeddable":true,"href":"https:\/\/www.univ.edu.dj\/index.php?rest_route=\/wp\/v2\/users\/1"}],"replies":[{"embeddable":true,"href":"https:\/\/www.univ.edu.dj\/index.php?rest_route=%2Fwp%2Fv2%2Fcomments&post=6289"}],"version-history":[{"count":4,"href":"https:\/\/www.univ.edu.dj\/index.php?rest_route=\/wp\/v2\/pages\/6289\/revisions"}],"predecessor-version":[{"id":7134,"href":"https:\/\/www.univ.edu.dj\/index.php?rest_route=\/wp\/v2\/pages\/6289\/revisions\/7134"}],"wp:featuredmedia":[{"embeddable":true,"href":"https:\/\/www.univ.edu.dj\/index.php?rest_route=\/wp\/v2\/media\/7131"}],"wp:attachment":[{"href":"https:\/\/www.univ.edu.dj\/index.php?rest_route=%2Fwp%2Fv2%2Fmedia&parent=6289"}],"curies":[{"name":"wp","href":"https:\/\/api.w.org\/{rel}","templated":true}]}}